{"id":4025,"date":"2025-11-28T13:23:15","date_gmt":"2025-11-28T12:23:15","guid":{"rendered":"https:\/\/behaimits.com\/?page_id=4025"},"modified":"2026-04-07T12:43:32","modified_gmt":"2026-04-07T11:43:32","slug":"integration-migrator","status":"publish","type":"page","link":"https:\/\/behaimits.com\/cs\/integration-power-by-ai\/integration-migrator\/","title":{"rendered":"Integration Migrator"},"content":{"rendered":"<section id=\"doublecol-hero-block_6811e84bd056979215b79c42470c484e\" data-id=\"doublecol-hero-block_6811e84bd056979215b79c42470c484e\" class=\"gt-block doublecol-hero\">\n    <div class=\"container\">\n        <div class=\"cols\">\n            <div class=\"col left\">\n                                    <span class=\"subheader\">Svoboda od Vendor Lock-in<\/span>\n                                                    <h1>Integra\u010dn\u00ed migr\u00e1tor<\/h1>\n                                                    <div class=\"doublecol-hero__content wysiwyg-wrapper\"><p>V dob\u011b dynamick\u00fdch IT architektur se mnoho firem pot\u00fdk\u00e1 s&nbsp;vysok\u00fdmi n\u00e1klady a&nbsp;vendor lock-in spojen\u00fdmi s&nbsp;komer\u010dn\u00edmi integra\u010dn\u00edmi platformami. N\u00e1\u0161 n\u00e1stroj Integration Migrator je p\u0159\u00edmou odpov\u011bd\u00ed na tento trend \u2013 poskytuje v\u00e1m cestu ke svobod\u011b, flexibilit\u011b a&nbsp;\u00faspor\u00e1m prost\u0159ednictv\u00edm migrace do TIBCO Platformy a&nbsp;nebo na open-source \u0159e\u0161en\u00ed.<\/p>\n<p><\/p>\n<p>N\u00e1\u0161 migra\u010dn\u00ed n\u00e1stroj je navr\u017een tak, aby minimalizoval rizika a&nbsp;\u010das pot\u0159ebn\u00fd pro transformaci va\u0161ich integra\u010dn\u00edch aplikac\u00ed.<\/p>\n<\/div>\n                                            <\/div>\n            <div class=\"col right\">\n                                    <img loading=\"lazy\" decoding=\"async\" width=\"768\" height=\"574\" src=\"https:\/\/behaimits.com\/wp-content\/uploads\/2025\/11\/integration_migrator-768x574.jpg\" class=\"attachment-medium_large size-medium_large\" alt=\"\" srcset=\"https:\/\/behaimits.com\/wp-content\/uploads\/2025\/11\/integration_migrator-768x574.jpg 768w, https:\/\/behaimits.com\/wp-content\/uploads\/2025\/11\/integration_migrator-300x224.jpg 300w, https:\/\/behaimits.com\/wp-content\/uploads\/2025\/11\/integration_migrator-1024x765.jpg 1024w, https:\/\/behaimits.com\/wp-content\/uploads\/2025\/11\/integration_migrator-1536x1147.jpg 1536w, https:\/\/behaimits.com\/wp-content\/uploads\/2025\/11\/integration_migrator-2048x1530.jpg 2048w\" sizes=\"auto, (max-width: 768px) 100vw, 768px\" \/>                            <\/div>\n        <\/div>\n    <\/div>\n    <\/section>\n\n\n\n<section id=\"doublecol-banner-block_88b705185abdef37657e0bbf64c6533d\" data-id=\"doublecol-banner-block_88b705185abdef37657e0bbf64c6533d\" class=\"gt-block doublecol-banner bg-dark\" style=\"--banner-color:;--banner-color-hover:;\">\n    <div class=\"container container--narrow\">\n        <div class=\"cols\">\n            <figure class=\"col logo-wrap\">\n                                    <img loading=\"lazy\" decoding=\"async\" width=\"2560\" height=\"2560\" src=\"https:\/\/behaimits.com\/wp-content\/uploads\/2025\/11\/save_time_transparent-1-scaled.png\" class=\"attachment- size-\" alt=\"\" srcset=\"https:\/\/behaimits.com\/wp-content\/uploads\/2025\/11\/save_time_transparent-1-scaled.png 2560w, https:\/\/behaimits.com\/wp-content\/uploads\/2025\/11\/save_time_transparent-1-300x300.png 300w, https:\/\/behaimits.com\/wp-content\/uploads\/2025\/11\/save_time_transparent-1-1024x1024.png 1024w, https:\/\/behaimits.com\/wp-content\/uploads\/2025\/11\/save_time_transparent-1-150x150.png 150w, https:\/\/behaimits.com\/wp-content\/uploads\/2025\/11\/save_time_transparent-1-768x768.png 768w, https:\/\/behaimits.com\/wp-content\/uploads\/2025\/11\/save_time_transparent-1-1536x1536.png 1536w, https:\/\/behaimits.com\/wp-content\/uploads\/2025\/11\/save_time_transparent-1-2048x2048.png 2048w, https:\/\/behaimits.com\/wp-content\/uploads\/2025\/11\/save_time_transparent-1-415x415.png 415w\" sizes=\"auto, (max-width: 2560px) 100vw, 2560px\" \/>                            <\/figure>\n            <div class=\"col right\">\n                                    <span class=\"subheader\">Ov\u011b\u0159en\u00e1 cesta<\/span>\n                                                    <h2 class=\"doublecol-banner__title\">Od Enterprise k&nbsp;Open Source nebo do TIBCO Platformy<\/h2>\n                                                    <div class=\"doublecol-banner__content wysiwyg-wrapper\"><p>Na\u0161e \u0159e\u0161en\u00ed ji\u017e prok\u00e1zalo svou efektivitu p\u0159i&nbsp;migraci aplikac\u00ed z&nbsp;<strong>komer\u010dn\u00ed<\/strong> platformy do modern\u00edho a&nbsp;flexibiln\u00edho <strong>Apache Camel<\/strong> nebo do TIBCO Platformy.<\/p>\n<ul>\n<li>Automatizovan\u00e1 Konverze: Vyu\u017e\u00edv\u00e1me pokro\u010dil\u00e9 modely AI k&nbsp;automatick\u00e9mu p\u0159evodu logiky, konfigurac\u00ed a&nbsp;integra\u010dn\u00edch tok\u016f z&nbsp;propriet\u00e1rn\u00edho form\u00e1tu na \u010dist\u00fd, spravovateln\u00fd a&nbsp;produk\u010dn\u00ed k\u00f3d Apache Camel a&nbsp;nebo n\u00e1stroje v&nbsp;TIBCO Platform\u011b.<\/li>\n<li>Sn\u00ed\u017een\u00ed N\u00e1klad\u016f a&nbsp;Rizika: Drasticky zkracujeme ru\u010dn\u00ed pr\u00e1ci a&nbsp;souvisej\u00edc\u00ed chyby, \u010d\u00edm\u017e sni\u017eujeme celkov\u00e9 n\u00e1klady a&nbsp;riziko spojen\u00e9 s&nbsp;migra\u010dn\u00edmi projekty.<\/li>\n<\/ul>\n<\/div>\n                                            <\/div>\n        <\/div>\n    <\/div>\n<\/section>\n\n\n\n<section id=\"biztalk2tibco\" data-id=\"biztalk2tibco\" class=\"gt-block doublecol-download-items bg-dark\">\n    <div class=\"container\">\n        <div class=\"cols\">\n            <div class=\"col left\">\n                                    <span class=\"subheader\">Jeden p\u0159\u00edklad za v\u0161echny<\/span>\n                                                    <h2><strong>AI Powered<\/strong> Migrator BizTalk do TIBCO<\/h2>\n                                                    <div class=\"doublecol-download-items__content wysiwyg-wrapper\"><p>Strategick\u00fd p\u0159echod z&nbsp;Microsoft BizTalk Serveru na modern\u00ed kontejnerovou architekturu vyu\u017e\u00edvaj\u00edc\u00ed TIBCO BusinessWorks a&nbsp;BusinessConnect. Vzhledem k&nbsp;bl\u00ed\u017e\u00edc\u00edmu se konci podpory syst\u00e9mu BizTalk (2028\u20132030) nab\u00edz\u00ed toto \u0159e\u0161en\u00ed vy\u0161\u0161\u00ed \u0161k\u00e1lovatelnost a&nbsp;provozn\u00ed efektivitu v&nbsp;prost\u0159ed\u00ed Kubernetes. Kl\u00ed\u010dov\u00e9 aspekty migrace:<\/p>\n<ul>\n<li><strong>Vyu\u017eit\u00ed AI<\/strong>: K&nbsp;anal\u00fdze a&nbsp;dokumentaci st\u00e1vaj\u00edc\u00edch orchestrac\u00ed a&nbsp;pravidel BizTalku se vyu\u017e\u00edvaj\u00ed n\u00e1stroje um\u011bl\u00e9 inteligence, co\u017e zkracuje f\u00e1zi dokumentace o&nbsp;<strong>40\u201360&nbsp;%<\/strong>.<\/li>\n<li><strong>Modern\u00ed architektura<\/strong>: Star\u0161\u00ed model zalo\u017een\u00fd na virtu\u00e1ln\u00edch stroj\u00edch je nahrazen mikroslu\u017ebami, kter\u00e9 umo\u017e\u0148uj\u00ed nez\u00e1visl\u00e9 \u0161k\u00e1lov\u00e1n\u00ed a&nbsp;nulov\u00e9 prostoje p\u0159i&nbsp;nasazov\u00e1n\u00ed.<\/li>\n<li><strong>Stup\u0148ovit\u00fd p\u0159\u00edstup<\/strong>: Migrace prob\u00edh\u00e1 v&nbsp;\u0161esti f\u00e1z\u00edch, p\u0159i\u010dem\u017e obchodn\u00ed partne\u0159i jsou p\u0159ev\u00e1d\u011bni v&nbsp;d\u00e1vk\u00e1ch, aby se minimalizovalo riziko a&nbsp;zajistila kontinuita provozu.<\/li>\n<li><strong>Jasn\u00e9 rozd\u011blen\u00ed<\/strong>: Architektura odd\u011bluje intern\u00ed integraci (BWCE) od extern\u00ed B2B komunikace (BCCE), co\u017e zjednodu\u0161uje spr\u00e1vu a&nbsp;\u0159e\u0161en\u00ed probl\u00e9m\u016f.<\/li>\n<\/ul>\n<\/div>\n                            <\/div>\n            <div class=\"col right\">\n                                    <span class=\"subheader subheader--invisible\">&nbsp;<\/span>\n                                                    <div class=\"doublecol-download-items__items\">\n                                                    <a href=\"https:\/\/behaimits.com\/wp-content\/uploads\/2026\/04\/biztalk2tibco.pdf\" download class=\"download-item\">\n                                <figure class=\"file\"><svg data-name=\"Group 3366\" xmlns=\"http:\/\/www.w3.org\/2000\/svg\" width=\"33.387\" height=\"33.387\" viewBox=\"0 0 33.387 33.387\"><path data-name=\"Path 419\" d=\"M0,0H33.387V33.387H0Z\" fill=\"none\"\/><path data-name=\"Path 420\" d=\"M14,3V8.564a1.391,1.391,0,0,0,1.391,1.391h5.564\" transform=\"translate(5.475 1.173)\" fill=\"none\" stroke=\"currentcolor\" stroke-linecap=\"round\" stroke-linejoin=\"round\" stroke-width=\"2\"\/><path data-name=\"Path 421\" d=\"M21.693,28.04H7.782A2.782,2.782,0,0,1,5,25.258V5.782A2.782,2.782,0,0,1,7.782,3H17.52l6.956,6.956v15.3A2.782,2.782,0,0,1,21.693,28.04Z\" transform=\"translate(1.956 1.173)\" fill=\"none\" stroke=\"currentcolor\" stroke-linecap=\"round\" stroke-linejoin=\"round\" stroke-width=\"2\"\/><\/svg>\n<\/figure>\n                                <div class=\"download-item__name\">\n                                    BizTalk 2 TIBCO Datasheet                                    <div class=\"download-item__info download-item__info--mobile\">\n                                        (<span>pdf<\/span>, 2.3 MB)\n                                    <\/div>\n                                <\/div>\n                                <div class=\"download-item__info download-item__info--desktop\">\n                                    (<span>pdf<\/span>, 2.3 MB)\n                                <\/div>\n                                <figure class=\"circle orange\">\n                                    <svg data-name=\"Group 1528\" xmlns=\"http:\/\/www.w3.org\/2000\/svg\" width=\"28.314\" height=\"28.314\" viewBox=\"0 0 28.314 28.314\"><path data-name=\"Path 391\" d=\"M0,0H28.314V28.314H0Z\" fill=\"none\"\/><path data-name=\"Path 392\" d=\"M4,17v2.36a2.36,2.36,0,0,0,2.36,2.36H20.517a2.36,2.36,0,0,0,2.36-2.36V17\" transform=\"translate(0.719 3.056)\" fill=\"none\" stroke=\"currentcolor\" stroke-linecap=\"round\" stroke-linejoin=\"round\" stroke-width=\"2\"\/><path data-name=\"Path 393\" d=\"M7,11l5.9,5.9L18.8,11\" transform=\"translate(1.258 1.977)\" fill=\"none\" stroke=\"currentcolor\" stroke-linecap=\"round\" stroke-linejoin=\"round\" stroke-width=\"2\"\/><line data-name=\"Line 12\" y2=\"14\" transform=\"translate(14.157 5.157)\" fill=\"none\" stroke=\"currentcolor\" stroke-linecap=\"round\" stroke-linejoin=\"round\" stroke-width=\"2\"\/><\/svg>\n                                <\/figure>\n                            <\/a>\n                                            <\/div>\n                            <\/div>\n        <\/div>\n    <\/div>\n<\/section>\n\n\n\n<section id=\"uneven-doublecol-title-text-block_d1d08dad0bf034e9f0466318a9951046\" data-id=\"uneven-doublecol-title-text-block_d1d08dad0bf034e9f0466318a9951046\" class=\"gt-block uneven-doublecol-title-text\">\n    <div class=\"container\">\n        <div class=\"cols-uneven\">\n            <div class=\"col short\">\n                                    <span class=\"subheader\">Budoucnost<\/span>\n                                                    <h2>Univerz\u00e1ln\u00ed Migrace s&nbsp;<strong>AI<\/strong><\/h2>\n                            <\/div>\n            <div class=\"col wide\">\n                                    <span class=\"subheader subheader--invisible\">&nbsp;<\/span>\n                                                    <div class=\"uneven-doublecol-title-text__content wysiwyg-wrapper\"><p>Na\u0161e vize sah\u00e1 d\u00e1l. Neust\u00e1le tr\u00e9nujeme na\u0161e vlastn\u00ed AI modely, abychom roz\u0161\u00ed\u0159ili na\u0161e migra\u010dn\u00ed schopnosti. Na\u0161\u00edm c\u00edlem je umo\u017enit migraci z&nbsp;jak\u00e9koliv integra\u010dn\u00ed platformy (v\u010detn\u011b MuleSoft, Boomi a&nbsp;dal\u0161\u00edch) do Apache Camel nebo n\u00e1stroj\u016f v&nbsp;TIBCO Platform\u011b.<\/p>\n<p><\/p>\n<p>Tento p\u0159\u00edstup v\u00e1m umo\u017e\u0148uje:<\/p>\n<ul>\n<li>Eliminovat Vendor Lock-in: P\u0159en\u00e9st va\u0161e kritick\u00e9 integrace na open-source technologii (Apache Camel) a&nbsp;z\u00edskat plnou kontrolu nad jejich dal\u0161\u00edm v\u00fdvojem.<\/li>\n<li>Modernizovat Architekturu: P\u0159ipravit va\u0161e integrace na cloud-native prost\u0159ed\u00ed a&nbsp;nasazen\u00ed v&nbsp;Kubernetes.<\/li>\n<\/ul>\n<p>Integration Migrator nen\u00ed jen pouh\u00fd n\u00e1stroj. Je to v\u00e1\u0161 strategick\u00fd partner pro maximalizaci n\u00e1vratnosti investic (ROI) do platformy TIBCO a&nbsp;pro zbaven\u00ed se z\u00e1vislosti na konkr\u00e9tn\u00edch dodavatel\u00edch (de-vendoring), modernizaci a&nbsp;zaji\u0161t\u011bn\u00ed budouc\u00ed odolnosti cel\u00e9ho va\u0161eho integra\u010dn\u00edho ekosyst\u00e9mu.<\/p>\n<\/div>\n                            <\/div>\n        <\/div>\n    <\/div>\n<\/section>\n\n","protected":false},"excerpt":{"rendered":"","protected":false},"author":12,"featured_media":0,"parent":2329,"menu_order":0,"comment_status":"closed","ping_status":"closed","template":"","meta":{"_acf_changed":false,"footnotes":""},"class_list":["post-4025","page","type-page","status-publish","hentry"],"acf":[],"yoast_head":"<!-- This site is optimized with the Yoast SEO plugin v26.9 - https:\/\/yoast.com\/product\/yoast-seo-wordpress\/ -->\n<title>Integration Migrator - Behaim IT Solutions<\/title>\n<meta name=\"robots\" content=\"index, follow, max-snippet:-1, max-image-preview:large, max-video-preview:-1\" \/>\n<link rel=\"canonical\" href=\"https:\/\/behaimits.com\/cs\/integration-power-by-ai\/integration-migrator\/\" \/>\n<meta property=\"og:locale\" content=\"cs_CZ\" \/>\n<meta property=\"og:type\" content=\"article\" \/>\n<meta property=\"og:title\" content=\"Integration Migrator - Behaim IT Solutions\" \/>\n<meta property=\"og:url\" content=\"https:\/\/behaimits.com\/cs\/integration-power-by-ai\/integration-migrator\/\" \/>\n<meta property=\"og:site_name\" content=\"Behaim IT Solutions\" \/>\n<meta property=\"article:modified_time\" content=\"2026-04-07T11:43:32+00:00\" \/>\n<meta name=\"twitter:card\" content=\"summary_large_image\" \/>\n<script type=\"application\/ld+json\" class=\"yoast-schema-graph\">{\"@context\":\"https:\/\/schema.org\",\"@graph\":[{\"@type\":\"WebPage\",\"@id\":\"https:\/\/behaimits.com\/cs\/integration-power-by-ai\/integration-migrator\/\",\"url\":\"https:\/\/behaimits.com\/cs\/integration-power-by-ai\/integration-migrator\/\",\"name\":\"Integration Migrator - Behaim IT Solutions\",\"isPartOf\":{\"@id\":\"https:\/\/behaimits.com\/#website\"},\"datePublished\":\"2025-11-28T12:23:15+00:00\",\"dateModified\":\"2026-04-07T11:43:32+00:00\",\"breadcrumb\":{\"@id\":\"https:\/\/behaimits.com\/cs\/integration-power-by-ai\/integration-migrator\/#breadcrumb\"},\"inLanguage\":\"cs\",\"potentialAction\":[{\"@type\":\"ReadAction\",\"target\":[\"https:\/\/behaimits.com\/cs\/integration-power-by-ai\/integration-migrator\/\"]}]},{\"@type\":\"BreadcrumbList\",\"@id\":\"https:\/\/behaimits.com\/cs\/integration-power-by-ai\/integration-migrator\/#breadcrumb\",\"itemListElement\":[{\"@type\":\"ListItem\",\"position\":1,\"name\":\"Dom\u016f\",\"item\":\"https:\/\/behaimits.com\/cs\/\"},{\"@type\":\"ListItem\",\"position\":2,\"name\":\"Integrace pomoc\u00ed AI\",\"item\":\"https:\/\/behaimits.com\/cs\/integration-power-by-ai\/\"},{\"@type\":\"ListItem\",\"position\":3,\"name\":\"Integration Migrator\"}]},{\"@type\":\"WebSite\",\"@id\":\"https:\/\/behaimits.com\/#website\",\"url\":\"https:\/\/behaimits.com\/\",\"name\":\"Behaim IT Solutions\",\"description\":\"Dedication to Customers and IT Excellence\",\"potentialAction\":[{\"@type\":\"SearchAction\",\"target\":{\"@type\":\"EntryPoint\",\"urlTemplate\":\"https:\/\/behaimits.com\/?s={search_term_string}\"},\"query-input\":{\"@type\":\"PropertyValueSpecification\",\"valueRequired\":true,\"valueName\":\"search_term_string\"}}],\"inLanguage\":\"cs\"}]}<\/script>\n<!-- \/ Yoast SEO plugin. -->","yoast_head_json":{"title":"Integration Migrator - Behaim IT Solutions","robots":{"index":"index","follow":"follow","max-snippet":"max-snippet:-1","max-image-preview":"max-image-preview:large","max-video-preview":"max-video-preview:-1"},"canonical":"https:\/\/behaimits.com\/cs\/integration-power-by-ai\/integration-migrator\/","og_locale":"cs_CZ","og_type":"article","og_title":"Integration Migrator - Behaim IT Solutions","og_url":"https:\/\/behaimits.com\/cs\/integration-power-by-ai\/integration-migrator\/","og_site_name":"Behaim IT Solutions","article_modified_time":"2026-04-07T11:43:32+00:00","twitter_card":"summary_large_image","schema":{"@context":"https:\/\/schema.org","@graph":[{"@type":"WebPage","@id":"https:\/\/behaimits.com\/cs\/integration-power-by-ai\/integration-migrator\/","url":"https:\/\/behaimits.com\/cs\/integration-power-by-ai\/integration-migrator\/","name":"Integration Migrator - Behaim IT Solutions","isPartOf":{"@id":"https:\/\/behaimits.com\/#website"},"datePublished":"2025-11-28T12:23:15+00:00","dateModified":"2026-04-07T11:43:32+00:00","breadcrumb":{"@id":"https:\/\/behaimits.com\/cs\/integration-power-by-ai\/integration-migrator\/#breadcrumb"},"inLanguage":"cs","potentialAction":[{"@type":"ReadAction","target":["https:\/\/behaimits.com\/cs\/integration-power-by-ai\/integration-migrator\/"]}]},{"@type":"BreadcrumbList","@id":"https:\/\/behaimits.com\/cs\/integration-power-by-ai\/integration-migrator\/#breadcrumb","itemListElement":[{"@type":"ListItem","position":1,"name":"Dom\u016f","item":"https:\/\/behaimits.com\/cs\/"},{"@type":"ListItem","position":2,"name":"Integrace pomoc\u00ed AI","item":"https:\/\/behaimits.com\/cs\/integration-power-by-ai\/"},{"@type":"ListItem","position":3,"name":"Integration Migrator"}]},{"@type":"WebSite","@id":"https:\/\/behaimits.com\/#website","url":"https:\/\/behaimits.com\/","name":"Behaim IT Solutions","description":"Dedication to Customers and IT Excellence","potentialAction":[{"@type":"SearchAction","target":{"@type":"EntryPoint","urlTemplate":"https:\/\/behaimits.com\/?s={search_term_string}"},"query-input":{"@type":"PropertyValueSpecification","valueRequired":true,"valueName":"search_term_string"}}],"inLanguage":"cs"}]}},"_links":{"self":[{"href":"https:\/\/behaimits.com\/cs\/wp-json\/wp\/v2\/pages\/4025","targetHints":{"allow":["GET"]}}],"collection":[{"href":"https:\/\/behaimits.com\/cs\/wp-json\/wp\/v2\/pages"}],"about":[{"href":"https:\/\/behaimits.com\/cs\/wp-json\/wp\/v2\/types\/page"}],"author":[{"embeddable":true,"href":"https:\/\/behaimits.com\/cs\/wp-json\/wp\/v2\/users\/12"}],"replies":[{"embeddable":true,"href":"https:\/\/behaimits.com\/cs\/wp-json\/wp\/v2\/comments?post=4025"}],"version-history":[{"count":14,"href":"https:\/\/behaimits.com\/cs\/wp-json\/wp\/v2\/pages\/4025\/revisions"}],"predecessor-version":[{"id":4301,"href":"https:\/\/behaimits.com\/cs\/wp-json\/wp\/v2\/pages\/4025\/revisions\/4301"}],"up":[{"embeddable":true,"href":"https:\/\/behaimits.com\/cs\/wp-json\/wp\/v2\/pages\/2329"}],"wp:attachment":[{"href":"https:\/\/behaimits.com\/cs\/wp-json\/wp\/v2\/media?parent=4025"}],"curies":[{"name":"wp","href":"https:\/\/api.w.org\/{rel}","templated":true}]}}