{"id":3897,"date":"2025-04-03T14:31:25","date_gmt":"2025-04-03T13:31:25","guid":{"rendered":"http:\/\/377715.w15.wedos.ws\/domains\/behaimits.com\/?page_id=3897"},"modified":"2025-04-07T09:45:26","modified_gmt":"2025-04-07T08:45:26","slug":"design-2-code","status":"publish","type":"page","link":"https:\/\/behaimits.com\/cs\/integration-power-by-ai\/design-2-code\/","title":{"rendered":"Design 2 Code"},"content":{"rendered":"<section id=\"doublecol-banner-block_46c98f81339c93da218514c8b21991e0\" data-id=\"doublecol-banner-block_46c98f81339c93da218514c8b21991e0\" class=\"gt-block doublecol-banner bg-dark\" style=\"--banner-color:#fb7500;--banner-color-hover:#e46a00;\">\n    <div class=\"container container--narrow\">\n        <div class=\"cols\">\n            <figure class=\"col logo-wrap\">\n                                    <img loading=\"lazy\" decoding=\"async\" width=\"1500\" height=\"1401\" src=\"https:\/\/behaimits.com\/wp-content\/uploads\/2025\/04\/dd2c-1.png\" class=\"attachment- size-\" alt=\"\" srcset=\"https:\/\/behaimits.com\/wp-content\/uploads\/2025\/04\/dd2c-1.png 1500w, https:\/\/behaimits.com\/wp-content\/uploads\/2025\/04\/dd2c-1-300x280.png 300w, https:\/\/behaimits.com\/wp-content\/uploads\/2025\/04\/dd2c-1-1024x956.png 1024w, https:\/\/behaimits.com\/wp-content\/uploads\/2025\/04\/dd2c-1-768x717.png 768w\" sizes=\"auto, (max-width: 1500px) 100vw, 1500px\" \/>                            <\/figure>\n            <div class=\"col right\">\n                                    <span class=\"subheader\">Apache Camel projekt za p\u00e1r minut<\/span>\n                                                    <h2 class=\"doublecol-banner__title\">Behaim&#8217;s&nbsp;<strong> Camel AI<\/strong> Design <strong>Creator<\/strong> a&nbsp;Code <strong>Generator<\/strong><\/h2>\n                                                    <div class=\"doublecol-banner__content wysiwyg-wrapper\"><p>Vdechn\u011bte sv\u00fdm integra\u010dn\u00edm projekt\u016fm \u017eivot b\u011bhem chvilky s&nbsp;<strong>Creator &#038; Generator<\/strong> \u2013 na\u0161\u00ed \u0161ikovnou sadou n\u00e1stroj\u016f pro turbo v\u00fdvoj v&nbsp;<strong>Quarkus a&nbsp;Apache Camel<\/strong>.<\/p>\n<\/div>\n                                <div class=\"button-group-wrap\">\n\t\t\t<br \/>\n<b>Warning<\/b>:  Undefined array key &#8222;type&#8220; in <b>\/data\/web\/virtuals\/377715\/virtual\/www\/domains\/behaimits.com\/wp-content\/themes\/unifer-behaimits\/inc\/theme-template-tags.php<\/b> on line <b>372<\/b><br \/>\n\t<a href=\"https:\/\/lively-grass-04041b410.4.azurestaticapps.net\/\"\n\t\ttarget=\"_blank\"\t\ttitle=\"Design2Code App\"\n\t\tclass=\"btn btn--external-svg\"\n\t>Design2Code App<svg xmlns=\"http:\/\/www.w3.org\/2000\/svg\" xmlns:xlink=\"http:\/\/www.w3.org\/1999\/xlink\" width=\"14.001\" height=\"13.16\" viewBox=\"0 0 14.001 13.16\"><defs><clipPath><rect data-name=\"Rectangle 3314\" width=\"14.001\" height=\"13.16\" transform=\"translate(0 0)\" fill=\"none\" stroke=\"currentcolor\" stroke-width=\"1\"\/><\/clipPath><\/defs><g data-name=\"Group 5382\" transform=\"translate(0 0)\"><g data-name=\"Group 5382\" clip-path=\"url(#clip-path)\"><path data-name=\"Path 11541\" d=\"M9.25,10.16v2.25H.75V3.91H4\" fill=\"none\" stroke=\"currentcolor\" stroke-linecap=\"round\" stroke-linejoin=\"round\" stroke-width=\"1.5\"\/><g><path data-name=\"Path 11542\" d=\"M13.251,5.244V.751H8.757\" fill=\"none\" stroke=\"currentcolor\" stroke-linecap=\"round\" stroke-linejoin=\"round\" stroke-width=\"1.5\"\/><line data-name=\"Line 155\" y1=\"6\" x2=\"6\" transform=\"translate(7 1.069)\" fill=\"none\" stroke=\"currentcolor\" stroke-linecap=\"round\" stroke-width=\"1.5\"\/><\/g><\/g><\/g><\/svg>\n<\/a>\n\t\t<\/div>            <\/div>\n        <\/div>\n    <\/div>\n<\/section>\n\n\n\n<section id=\"narrow-title-text-block-block_d68b14de47b086ebe7348331f1bdc705\" data-id=\"narrow-title-text-block-block_d68b14de47b086ebe7348331f1bdc705\" class=\"gt-block narrow-title-text-block\">\n    <div class=\"container container--skinny\">\n                    <span class=\"subheader\">P\u0159ive\u010fte sv\u00e9 integra\u010dn\u00ed n\u00e1pady k&nbsp;\u017eivotu rychleji ne\u017e kdy d\u0159\u00edv<\/span>\n                            <h2>Od n\u00e1vrhu k&nbsp;nasazen\u00ed \u2013 <strong>okam\u017eit\u011b<\/strong><\/h2>\n                            <div class=\"narrow-title-text-block__content wysiwyg-wrapper\"><p>P\u0159ive\u010fte sv\u00e9 integra\u010dn\u00ed n\u00e1pady k&nbsp;\u017eivotu rychleji ne\u017e kdy d\u0159\u00edv s&nbsp;n\u00e1stroji <strong>Creator &#038; Generator<\/strong> \u2013 chytr\u00fdm \u0159e\u0161en\u00edm pro zrychlen\u00ed v\u00fdvoje v&nbsp;prost\u0159ed\u00ed Quarkus a&nbsp;Apache Camel.<\/p>\n<p>S n\u00e1strojem Creator m\u016f\u017eete navrhovat integra\u010dn\u00ed \u0159e\u0161en\u00ed p\u0159\u00edmo ve va\u0161em prohl\u00ed\u017ee\u010di \u2013 a\u0165 u\u017e p\u0159irozen\u00fdm jazykem nebo pomoc\u00ed strukturovan\u00fdch formul\u00e1\u0159\u016f. Preferujete pr\u00e1ci v&nbsp;Microsoft Wordu? I&nbsp;to podporujeme. Creator prom\u011bn\u00ed va\u0161e n\u00e1vrhy ve srozumitelnou technickou dokumentaci.<\/p>\n<p>A pak p\u0159ich\u00e1z\u00ed to nejd\u016fle\u017eit\u011bj\u0161\u00ed. Generator vezme v\u00e1\u0161 n\u00e1vrh a&nbsp;automaticky vygeneruje pln\u011b funk\u010dn\u00ed Quarkus projekt, v\u010detn\u011b Apache Camel tras, konfigura\u010dn\u00edch soubor\u016f a&nbsp;zdrojov\u00e9ho k\u00f3du \u2013 v\u0161e p\u0159izp\u016fsoben\u00e9 va\u0161im pot\u0159eb\u00e1m. \u017d\u00e1dn\u00fd boilerplate k\u00f3d. \u017d\u00e1dn\u00e9 ru\u010dn\u00ed propojov\u00e1n\u00ed. Jen \u010dist\u00fd, p\u0159ipraven\u00fd k\u00f3d b\u011bhem n\u011bkolika sekund.<\/p>\n<p>A\u0165 u\u017e jste integra\u010dn\u00ed specialista, enterprise architekt nebo v\u00fdvoj\u00e1\u0159, na\u0161e n\u00e1stroje v\u00e1m umo\u017en\u00ed p\u0159ej\u00edt od my\u0161lenky ke k\u00f3du s&nbsp;neb\u00fdvalou rychlost\u00ed a&nbsp;p\u0159esnost\u00ed.<\/p>\n<p>Nechte n\u00e1vrh \u0159\u00eddit v\u00fdvoj.<br \/>\nObjevte mo\u017enosti s&nbsp;na\u0161imi start-up projekty <a href=\"https:\/\/lively-grass-04041b410.4.azurestaticapps.net\/\" target=\"_blank\" rel=\"noopener\">Creator &amp; Generator<\/a>.<\/p>\n<\/div>\n            <\/div>\n<\/section>\n\n\n\n<section id=\"doublecol-text-image-block_2a6708dcf26d08f8a152f91699f65f34\" data-id=\"doublecol-text-image-block_2a6708dcf26d08f8a152f91699f65f34\" class=\"gt-block doublecol-text-image\">\n    <div class=\"container\">\n        <div class=\"cols\">\n            <div class=\"col col-text left\">\n                                    <span class=\"subheader\">Vyv\u00edjejte rychleji, bez chyb<\/span>\n                                                    <h2>Sta\u010d\u00ed t\u0159i kroky ke k\u00f3du<\/h2>\n                                                    <div class=\"doublecol-text-image__content wysiwyg-wrapper\"><p>1. Nastavte vlastnosti projektu, pot\u0159ebn\u00e9 zdroje a&nbsp;popi\u0161te jednotliv\u00e9 kroky procesu<br \/>\n2. Nechte <strong>AI<\/strong>, aby v\u00e1\u0161 n\u00e1vrh zpracovala a&nbsp;vygenerovala k\u00f3d<br \/>\n3. St\u00e1hn\u011bte si k\u00f3d i&nbsp;dokumentaci a&nbsp;u\u017eijte si to!<\/p>\n<\/div>\n                                            <\/div>\n            <figure class=\"col col-image right\">\n                                    <img loading=\"lazy\" decoding=\"async\" width=\"70\" height=\"285\" src=\"https:\/\/behaimits.com\/wp-content\/uploads\/2025\/04\/3steps-2.png\" class=\"attachment-large size-large\" alt=\"\" \/>                            <\/figure>\n        <\/div>\n    <\/div>\n<\/section>\n\n\n\n<section id=\"narrow-title-text-block-block_aa8a9c8b7be7a02666009c2f6591a7a3\" data-id=\"narrow-title-text-block-block_aa8a9c8b7be7a02666009c2f6591a7a3\" class=\"gt-block narrow-title-text-block\">\n    <div class=\"container container--skinny\">\n                    <span class=\"subheader\">Na va\u0161em n\u00e1zoru z\u00e1le\u017e\u00ed<\/span>\n                            <h2>M\u00e1te zp\u011btnou vazbu nebo n\u00e1pad? Napi\u0161te n\u00e1m!<\/h2>\n                            <div class=\"narrow-title-text-block__content wysiwyg-wrapper\"><p>BAI je start up a&nbsp;vyv\u00edj\u00edme jej pro v\u00fdvoj\u00e1\u0159e jako jste vy \u2014 a&nbsp;v\u00e1\u0161 n\u00e1zor je pro n\u00e1s opravdu d\u016fle\u017eit\u00fd.<br \/>\nNarazili jste na chybu? M\u00e1te n\u00e1pad na vylep\u0161en\u00ed? Nebo n\u00e1m prost\u011b jen chcete napsat?<br \/>\nOzv\u011bte se na <a href=\"mai&#108;&#116;&#111;:ba&#105;m&#64;&#98;&#101;&#104;a&#105;m&#105;&#116;&#115;.c&#111;&#109;\">bai@behaimits.com<\/a>, budeme r\u00e1di!<\/p>\n<\/div>\n            <\/div>\n<\/section>\n\n","protected":false},"excerpt":{"rendered":"","protected":false},"author":12,"featured_media":0,"parent":2329,"menu_order":66,"comment_status":"closed","ping_status":"closed","template":"","meta":{"_acf_changed":false,"footnotes":""},"class_list":["post-3897","page","type-page","status-publish","hentry"],"acf":[],"yoast_head":"<!-- This site is optimized with the Yoast SEO plugin v26.9 - https:\/\/yoast.com\/product\/yoast-seo-wordpress\/ -->\n<title>Design 2 Code - Behaim IT Solutions<\/title>\n<meta name=\"robots\" content=\"index, follow, max-snippet:-1, max-image-preview:large, max-video-preview:-1\" \/>\n<link rel=\"canonical\" href=\"https:\/\/behaimits.com\/cs\/integration-power-by-ai\/design-2-code\/\" \/>\n<meta property=\"og:locale\" content=\"cs_CZ\" \/>\n<meta property=\"og:type\" content=\"article\" \/>\n<meta property=\"og:title\" content=\"Design 2 Code - Behaim IT Solutions\" \/>\n<meta property=\"og:url\" content=\"https:\/\/behaimits.com\/cs\/integration-power-by-ai\/design-2-code\/\" \/>\n<meta property=\"og:site_name\" content=\"Behaim IT Solutions\" \/>\n<meta property=\"article:modified_time\" content=\"2025-04-07T08:45:26+00:00\" \/>\n<meta name=\"twitter:card\" content=\"summary_large_image\" \/>\n<script type=\"application\/ld+json\" class=\"yoast-schema-graph\">{\"@context\":\"https:\/\/schema.org\",\"@graph\":[{\"@type\":\"WebPage\",\"@id\":\"https:\/\/behaimits.com\/cs\/integration-power-by-ai\/design-2-code\/\",\"url\":\"https:\/\/behaimits.com\/cs\/integration-power-by-ai\/design-2-code\/\",\"name\":\"Design 2 Code - Behaim IT Solutions\",\"isPartOf\":{\"@id\":\"https:\/\/behaimits.com\/#website\"},\"datePublished\":\"2025-04-03T13:31:25+00:00\",\"dateModified\":\"2025-04-07T08:45:26+00:00\",\"breadcrumb\":{\"@id\":\"https:\/\/behaimits.com\/cs\/integration-power-by-ai\/design-2-code\/#breadcrumb\"},\"inLanguage\":\"cs\",\"potentialAction\":[{\"@type\":\"ReadAction\",\"target\":[\"https:\/\/behaimits.com\/cs\/integration-power-by-ai\/design-2-code\/\"]}]},{\"@type\":\"BreadcrumbList\",\"@id\":\"https:\/\/behaimits.com\/cs\/integration-power-by-ai\/design-2-code\/#breadcrumb\",\"itemListElement\":[{\"@type\":\"ListItem\",\"position\":1,\"name\":\"Dom\u016f\",\"item\":\"https:\/\/behaimits.com\/cs\/\"},{\"@type\":\"ListItem\",\"position\":2,\"name\":\"Integrace pomoc\u00ed AI\",\"item\":\"https:\/\/behaimits.com\/cs\/integration-power-by-ai\/\"},{\"@type\":\"ListItem\",\"position\":3,\"name\":\"Design 2 Code\"}]},{\"@type\":\"WebSite\",\"@id\":\"https:\/\/behaimits.com\/#website\",\"url\":\"https:\/\/behaimits.com\/\",\"name\":\"Behaim IT Solutions\",\"description\":\"Dedication to Customers and IT Excellence\",\"potentialAction\":[{\"@type\":\"SearchAction\",\"target\":{\"@type\":\"EntryPoint\",\"urlTemplate\":\"https:\/\/behaimits.com\/?s={search_term_string}\"},\"query-input\":{\"@type\":\"PropertyValueSpecification\",\"valueRequired\":true,\"valueName\":\"search_term_string\"}}],\"inLanguage\":\"cs\"}]}<\/script>\n<!-- \/ Yoast SEO plugin. -->","yoast_head_json":{"title":"Design 2 Code - Behaim IT Solutions","robots":{"index":"index","follow":"follow","max-snippet":"max-snippet:-1","max-image-preview":"max-image-preview:large","max-video-preview":"max-video-preview:-1"},"canonical":"https:\/\/behaimits.com\/cs\/integration-power-by-ai\/design-2-code\/","og_locale":"cs_CZ","og_type":"article","og_title":"Design 2 Code - Behaim IT Solutions","og_url":"https:\/\/behaimits.com\/cs\/integration-power-by-ai\/design-2-code\/","og_site_name":"Behaim IT Solutions","article_modified_time":"2025-04-07T08:45:26+00:00","twitter_card":"summary_large_image","schema":{"@context":"https:\/\/schema.org","@graph":[{"@type":"WebPage","@id":"https:\/\/behaimits.com\/cs\/integration-power-by-ai\/design-2-code\/","url":"https:\/\/behaimits.com\/cs\/integration-power-by-ai\/design-2-code\/","name":"Design 2 Code - Behaim IT Solutions","isPartOf":{"@id":"https:\/\/behaimits.com\/#website"},"datePublished":"2025-04-03T13:31:25+00:00","dateModified":"2025-04-07T08:45:26+00:00","breadcrumb":{"@id":"https:\/\/behaimits.com\/cs\/integration-power-by-ai\/design-2-code\/#breadcrumb"},"inLanguage":"cs","potentialAction":[{"@type":"ReadAction","target":["https:\/\/behaimits.com\/cs\/integration-power-by-ai\/design-2-code\/"]}]},{"@type":"BreadcrumbList","@id":"https:\/\/behaimits.com\/cs\/integration-power-by-ai\/design-2-code\/#breadcrumb","itemListElement":[{"@type":"ListItem","position":1,"name":"Dom\u016f","item":"https:\/\/behaimits.com\/cs\/"},{"@type":"ListItem","position":2,"name":"Integrace pomoc\u00ed AI","item":"https:\/\/behaimits.com\/cs\/integration-power-by-ai\/"},{"@type":"ListItem","position":3,"name":"Design 2 Code"}]},{"@type":"WebSite","@id":"https:\/\/behaimits.com\/#website","url":"https:\/\/behaimits.com\/","name":"Behaim IT Solutions","description":"Dedication to Customers and IT Excellence","potentialAction":[{"@type":"SearchAction","target":{"@type":"EntryPoint","urlTemplate":"https:\/\/behaimits.com\/?s={search_term_string}"},"query-input":{"@type":"PropertyValueSpecification","valueRequired":true,"valueName":"search_term_string"}}],"inLanguage":"cs"}]}},"_links":{"self":[{"href":"https:\/\/behaimits.com\/cs\/wp-json\/wp\/v2\/pages\/3897","targetHints":{"allow":["GET"]}}],"collection":[{"href":"https:\/\/behaimits.com\/cs\/wp-json\/wp\/v2\/pages"}],"about":[{"href":"https:\/\/behaimits.com\/cs\/wp-json\/wp\/v2\/types\/page"}],"author":[{"embeddable":true,"href":"https:\/\/behaimits.com\/cs\/wp-json\/wp\/v2\/users\/12"}],"replies":[{"embeddable":true,"href":"https:\/\/behaimits.com\/cs\/wp-json\/wp\/v2\/comments?post=3897"}],"version-history":[{"count":4,"href":"https:\/\/behaimits.com\/cs\/wp-json\/wp\/v2\/pages\/3897\/revisions"}],"predecessor-version":[{"id":3906,"href":"https:\/\/behaimits.com\/cs\/wp-json\/wp\/v2\/pages\/3897\/revisions\/3906"}],"up":[{"embeddable":true,"href":"https:\/\/behaimits.com\/cs\/wp-json\/wp\/v2\/pages\/2329"}],"wp:attachment":[{"href":"https:\/\/behaimits.com\/cs\/wp-json\/wp\/v2\/media?parent=3897"}],"curies":[{"name":"wp","href":"https:\/\/api.w.org\/{rel}","templated":true}]}}