{"id":2561,"date":"2023-12-12T01:02:34","date_gmt":"2023-12-12T00:02:34","guid":{"rendered":"http:\/\/377715.w15.wedos.ws\/domains\/behaimits.com\/integration\/custom-development\/"},"modified":"2024-05-24T10:38:57","modified_gmt":"2024-05-24T09:38:57","slug":"custom-development","status":"publish","type":"page","link":"https:\/\/behaimits.com\/cs\/integration\/custom-development\/","title":{"rendered":"Zak\u00e1zkov\u00fd v\u00fdvoj"},"content":{"rendered":"<section id=\"doublecol-hero-block_f88218c3ad9cbf589a81793ea62ed29a\" data-id=\"doublecol-hero-block_f88218c3ad9cbf589a81793ea62ed29a\" class=\"gt-block doublecol-hero\">\n    <div class=\"container\">\n        <div class=\"cols\">\n            <div class=\"col left\">\n                                    <span class=\"subheader\">Integrace &gt; Zak\u00e1zkov\u00fd v\u00fdvoj<\/span>\n                                                    <h1>Vyu\u017eijte<br \/>\n<strong>15 let know-how<\/strong><\/h1>\n                                                    <div class=\"doublecol-hero__content wysiwyg-wrapper\"><p>Pro projekty, kter\u00e9 m\u00ed\u0159\u00ed d\u00e1le, ne\u017e jsou mo\u017enosti standardn\u00edch technologi\u00ed,<\/p>\n<p>Behaim ITS d\u00edky zku\u0161enostem se zak\u00e1zkov\u00fdm v\u00fdvojem a&nbsp;s&nbsp;open source v\u00fdvojem nab\u00edz\u00ed vytvo\u0159en\u00ed \u0159e\u0161en\u00ed, pln\u011b vyu\u017e\u00edvaj\u00edc\u00ed va\u0161i existuj\u00edc\u00ed technologii a&nbsp;va\u0161e produkty a&nbsp;z\u00e1rove\u0148 p\u0159in\u00e1\u0161ej\u00edc\u00ed novou hodnotu.<\/p>\n<p>Na\u0161i v\u00fdvoj\u00e1\u0159i realizovali projekty jako:<\/p>\n<ul>\n<li>\u0158e\u0161en\u00ed pro zotaven\u00ed z&nbsp;kritick\u00fdch v\u00fdpadk\u016f syst\u00e9m\u016f, kter\u00e1 umo\u017e\u0148uj\u00ed propojen\u00fdm podnikov\u00fdm aplikac\u00edm a&nbsp;proces\u016fm se automaticky zotavit z&nbsp;v\u00fdpadk\u016f jednoho \u0159e\u0161en\u00ed nebo cel\u00e9ho syst\u00e9mu<\/li>\n<li>Adapt\u00e9ry pro specifick\u00e9 syst\u00e9my<\/li>\n<li>\u00dapravy existuj\u00edc\u00edch TIBCO produkt\u016f tak, aby standardn\u011b integrovaly i&nbsp;specifick\u00e1 \u0159e\u0161en\u00ed<\/li>\n<li>V\u00fdvoj pohodln\u00fdch front-end aplikac\u00ed nad existuj\u00edc\u00edmi \u0159e\u0161en\u00edmi, p\u0159in\u00e1\u0161ej\u00edc\u00ed nov\u00e9 pohledy na data a&nbsp;procesy v&nbsp;syst\u00e9mech<\/li>\n<\/ul>\n<p>Na\u0161i seniorn\u00ed v\u00fdvoj\u00e1\u0159i maj\u00ed 10-15 let zku\u0161enost\u00ed a&nbsp;ovl\u00e1daj\u00ed \u0161irokou \u0161k\u00e1lu technologi\u00ed:<\/p>\n<ul>\n<li>C++\/C development<\/li>\n<li>.NET\/C#<\/li>\n<li>Java\/J2EE, s&nbsp;pou\u017eit\u00edm projekt\u016f a&nbsp;framework\u016f jako jsou Spring nebo GWT<\/li>\n<\/ul>\n<\/div>\n                                <div class=\"button-group-wrap\">\n\t\t\t\t<a href=\"https:\/\/behaimits.com\/cs\/contact-us\/\"\n\t\t\t\ttitle=\"Kontaktujte n\u00e1s\"\n\t\tclass=\"btn\"\n\t>Kontaktujte n\u00e1s<\/a>\n\t\t<\/div>            <\/div>\n            <div class=\"col right\">\n                                    <img loading=\"lazy\" decoding=\"async\" width=\"768\" height=\"768\" src=\"https:\/\/behaimits.com\/wp-content\/uploads\/2024\/05\/custom-development-768x768.png\" class=\"attachment-medium_large size-medium_large\" alt=\"\" srcset=\"https:\/\/behaimits.com\/wp-content\/uploads\/2024\/05\/custom-development-768x768.png 768w, https:\/\/behaimits.com\/wp-content\/uploads\/2024\/05\/custom-development-300x300.png 300w, https:\/\/behaimits.com\/wp-content\/uploads\/2024\/05\/custom-development-1024x1024.png 1024w, https:\/\/behaimits.com\/wp-content\/uploads\/2024\/05\/custom-development-150x150.png 150w, https:\/\/behaimits.com\/wp-content\/uploads\/2024\/05\/custom-development-415x415.png 415w, https:\/\/behaimits.com\/wp-content\/uploads\/2024\/05\/custom-development.png 1080w\" sizes=\"auto, (max-width: 768px) 100vw, 768px\" \/>                            <\/div>\n        <\/div>\n    <\/div>\n    <\/section>\n\n\n\n<section id=\"form-title-centered-block_4f24e2ca195a0b48691e503de0bb5620\" data-id=\"form-title-centered-block_4f24e2ca195a0b48691e503de0bb5620\" class=\"gt-block form-title-centered ta-c\">\n    <div class=\"container container--thin\">\n                    <span class=\"line\"><\/span>\n                            <h2 class=\"form-title-centered__title\">Chcete se <strong>dozv\u011bd\u011bt v\u00edce?<\/strong><\/h2>\n                <div class=\"form-wrapper\">\n            <script type=\"text\/javascript\">\n\/* <![CDATA[ *\/\nvar gform;gform||(document.addEventListener(\"gform_main_scripts_loaded\",function(){gform.scriptsLoaded=!0}),document.addEventListener(\"gform\/theme\/scripts_loaded\",function(){gform.themeScriptsLoaded=!0}),window.addEventListener(\"DOMContentLoaded\",function(){gform.domLoaded=!0}),gform={domLoaded:!1,scriptsLoaded:!1,themeScriptsLoaded:!1,isFormEditor:()=>\"function\"==typeof InitializeEditor,callIfLoaded:function(o){return!(!gform.domLoaded||!gform.scriptsLoaded||!gform.themeScriptsLoaded&&!gform.isFormEditor()||(gform.isFormEditor()&&console.warn(\"The use of gform.initializeOnLoaded() is deprecated in the form editor context and will be removed in Gravity Forms 3.1.\"),o(),0))},initializeOnLoaded:function(o){gform.callIfLoaded(o)||(document.addEventListener(\"gform_main_scripts_loaded\",()=>{gform.scriptsLoaded=!0,gform.callIfLoaded(o)}),document.addEventListener(\"gform\/theme\/scripts_loaded\",()=>{gform.themeScriptsLoaded=!0,gform.callIfLoaded(o)}),window.addEventListener(\"DOMContentLoaded\",()=>{gform.domLoaded=!0,gform.callIfLoaded(o)}))},hooks:{action:{},filter:{}},addAction:function(o,r,e,t){gform.addHook(\"action\",o,r,e,t)},addFilter:function(o,r,e,t){gform.addHook(\"filter\",o,r,e,t)},doAction:function(o){gform.doHook(\"action\",o,arguments)},applyFilters:function(o){return gform.doHook(\"filter\",o,arguments)},removeAction:function(o,r){gform.removeHook(\"action\",o,r)},removeFilter:function(o,r,e){gform.removeHook(\"filter\",o,r,e)},addHook:function(o,r,e,t,n){null==gform.hooks[o][r]&&(gform.hooks[o][r]=[]);var d=gform.hooks[o][r];null==n&&(n=r+\"_\"+d.length),gform.hooks[o][r].push({tag:n,callable:e,priority:t=null==t?10:t})},doHook:function(r,o,e){var t;if(e=Array.prototype.slice.call(e,1),null!=gform.hooks[r][o]&&((o=gform.hooks[r][o]).sort(function(o,r){return o.priority-r.priority}),o.forEach(function(o){\"function\"!=typeof(t=o.callable)&&(t=window[t]),\"action\"==r?t.apply(null,e):e[0]=t.apply(null,e)})),\"filter\"==r)return e[0]},removeHook:function(o,r,t,n){var e;null!=gform.hooks[o][r]&&(e=(e=gform.hooks[o][r]).filter(function(o,r,e){return!!(null!=n&&n!=o.tag||null!=t&&t!=o.priority)}),gform.hooks[o][r]=e)}});\n\/* ]]> *\/\n<\/script>\n\n                <div class='gf_browser_gecko gform_wrapper gravity-theme gform-theme--no-framework' data-form-theme='gravity-theme' data-form-index='0' id='gform_wrapper_2' >\n                        <div class='gform_heading'>\n\t\t\t\t\t\t\t<p class='gform_required_legend'>&quot;<span class=\"gfield_required gfield_required_asterisk\">*<\/span>&quot; indicates required fields<\/p>\n                        <\/div><form method='post' enctype='multipart\/form-data' target='gform_ajax_frame_2' id='gform_2'  action='\/cs\/wp-json\/wp\/v2\/pages\/2561' data-formid='2' novalidate>\n                        <div class='gform-body gform_body'><div id='gform_fields_2' class='gform_fields top_label form_sublabel_above description_above validation_below'><div id=\"field_2_10\" class=\"gfield gfield--type-honeypot gform_validation_container field_sublabel_above gfield--has-description field_description_above field_validation_below gfield_visibility_visible\"  ><label class='gfield_label gform-field-label' for='input_2_10'>Comments<\/label><div class='gfield_description' id='gfield_description_2_10'>This field is for validation purposes and should be left unchanged.<\/div><div class='ginput_container'><input name='input_10' id='input_2_10' type='text' value='' autocomplete='new-password'\/><\/div><\/div><div id=\"field_2_4\" class=\"gfield gfield--type-text gfield--input-type-text gfield--width-full gfield_contains_required field_sublabel_above gfield--no-description field_description_above field_validation_below gfield_visibility_visible\"  ><label class='gfield_label gform-field-label' for='input_2_4'>Jm\u00e9no a&nbsp;p\u0159\u00edjmen\u00ed<span class=\"gfield_required\"><span class=\"gfield_required gfield_required_asterisk\">*<\/span><\/span><\/label><div class='ginput_container ginput_container_text'><input name='input_4' id='input_2_4' type='text' value='' class='large'   tabindex='1000'  aria-required=\"true\" aria-invalid=\"false\"   \/><\/div><\/div><div id=\"field_2_2\" class=\"gfield gfield--type-email gfield--input-type-email gfield_contains_required field_sublabel_above gfield--no-description field_description_above field_validation_below gfield_visibility_visible\"  ><label class='gfield_label gform-field-label' for='input_2_2'>Email<span class=\"gfield_required\"><span class=\"gfield_required gfield_required_asterisk\">*<\/span><\/span><\/label><div class='ginput_container ginput_container_email'>\n                            <input name='input_2' id='input_2_2' type='email' value='' class='large' tabindex='1001'  placeholder='@' aria-required=\"true\" aria-invalid=\"false\"  \/>\n                        <\/div><\/div><div id=\"field_2_5\" class=\"gfield gfield--type-phone gfield--input-type-phone gfield--width-full field_sublabel_above gfield--no-description field_description_above field_validation_below gfield_visibility_visible\"  ><label class='gfield_label gform-field-label' for='input_2_5'>Telefon<\/label><div class='ginput_container ginput_container_phone'><input name='input_5' id='input_2_5' type='tel' value='' class='large' tabindex='1002' placeholder='+420'  aria-invalid=\"false\"   \/><\/div><\/div><div id=\"field_2_3\" class=\"gfield gfield--type-textarea gfield--input-type-textarea gfield_contains_required field_sublabel_above gfield--no-description field_description_above field_validation_below gfield_visibility_visible\"  ><label class='gfield_label gform-field-label' for='input_2_3'>Va\u0161e zpr\u00e1va<span class=\"gfield_required\"><span class=\"gfield_required gfield_required_asterisk\">*<\/span><\/span><\/label><div class='ginput_container ginput_container_textarea'><textarea name='input_3' id='input_2_3' class='textarea medium' tabindex='1003'    aria-required=\"true\" aria-invalid=\"false\"   rows='10' cols='50'><\/textarea><\/div><\/div><fieldset id=\"field_2_6\" class=\"gfield gfield--type-consent gfield--type-choice gfield--input-type-consent gfield--width-full gfield_contains_required field_sublabel_above gfield--no-description field_description_above field_validation_below gfield_visibility_visible\"  ><legend class='gfield_label gform-field-label gfield_label_before_complex' >Consent<span class=\"gfield_required\"><span class=\"gfield_required gfield_required_asterisk\">*<\/span><\/span><\/legend><div class='ginput_container ginput_container_consent'><input name='input_6.1' id='input_2_6_1' type='checkbox' value='1' tabindex='1004'  aria-required=\"true\" aria-invalid=\"false\"   \/> <label class=\"gform-field-label gform-field-label--type-inline gfield_consent_label\" for='input_2_6_1' >Souhlas\u00edm se <a href=\"https:\/\/behaimits.test-unifer.cz\/privacy-policy\/\" target=\"_blank\">z\u00e1sadami ochrany osobn\u00edch \u00fadaj\u016f<\/a>.<\/label><input type='hidden' name='input_6.2' value='Souhlas\u00edm se &lt;a href=&quot;https:\/\/behaimits.test-unifer.cz\/privacy-policy\/&quot; target=&quot;_blank&quot;&gt;z\u00e1sadami ochrany osobn\u00edch \u00fadaj\u016f&lt;\/a&gt;.' class='gform_hidden' \/><input type='hidden' name='input_6.3' value='2' class='gform_hidden' \/><\/div><\/fieldset><div id=\"field_2_9\" class=\"gfield gfield--type-captcha gfield--input-type-captcha gfield--width-full field_sublabel_above gfield--no-description field_description_above hidden_label field_validation_below gfield_visibility_visible\"  ><label class='gfield_label gform-field-label' for='input_2_9'>CAPTCHA<\/label><div id='input_2_9' class='ginput_container ginput_recaptcha' data-sitekey='6LdOVTEpAAAAAMFCsByB-snhBYHXDpio2OYSKrVg'  data-theme='light' data-tabindex='1005'  data-badge=''><\/div><\/div><div id=\"field_2_7\" class=\"gfield gfield--type-hidden gfield--input-type-hidden gfield--width-full gform_hidden field_sublabel_above gfield--no-description field_description_above field_validation_below gfield_visibility_visible\"  ><div class='ginput_container ginput_container_text'><input name='input_7' id='input_2_7' type='hidden' class='gform_hidden'  aria-invalid=\"false\" value='Zak\u00e1zkov\u00fd v\u00fdvoj' \/><\/div><\/div><div id=\"field_2_8\" class=\"gfield gfield--type-hidden gfield--input-type-hidden gfield--width-full gform_hidden field_sublabel_above gfield--no-description field_description_above field_validation_below gfield_visibility_visible\"  ><div class='ginput_container ginput_container_text'><input name='input_8' id='input_2_8' type='hidden' class='gform_hidden'  aria-invalid=\"false\" value='https:\/\/behaimits.com\/cs\/integration\/custom-development\/' \/><\/div><\/div><\/div><\/div>\n        <div class='gform-footer gform_footer top_label'> <button type='submit' id='gform_submit_button_2' class='gform_button btn sendBtn'>Odeslat<\/button> <input type='hidden' name='gform_ajax' value='form_id=2&amp;title=&amp;description=&amp;tabindex=49&amp;theme=gravity-theme&amp;styles=[]&amp;hash=d12247ff5ee24a0e353324136910ce87' \/>\n            <input type='hidden' class='gform_hidden' name='gform_submission_method' data-js='gform_submission_method_2' value='iframe' \/>\n            <input type='hidden' class='gform_hidden' name='gform_theme' data-js='gform_theme_2' id='gform_theme_2' value='gravity-theme' \/>\n            <input type='hidden' class='gform_hidden' name='gform_style_settings' data-js='gform_style_settings_2' id='gform_style_settings_2' value='[]' \/>\n            <input type='hidden' class='gform_hidden' name='is_submit_2' value='1' \/>\n            <input type='hidden' class='gform_hidden' name='gform_submit' value='2' \/>\n            \n            <input type='hidden' class='gform_hidden' name='gform_currency' data-currency='USD' value='SEpJtXFbeJjMetJBDhV2fwdRVczSWOtbbNyvkoCxCAhi1RTSE9ko9q0g9+DsctzxaPHrQIUOw8GgkMVHA5XI79uZyomMp1gD7H0CAb9WHMfEZCU=' \/>\n            <input type='hidden' class='gform_hidden' name='gform_unique_id' value='' \/>\n            <input type='hidden' class='gform_hidden' name='state_2' value='WyJ7XCI2LjFcIjpcIjU5N2Y1NTkwZGMxNmExYzdmN2Q2YTRiN2FhMjEyNDVhXCIsXCI2LjJcIjpcIjYwNzBkZDJlMTBlZGQ5NmY1N2QzYzhlYWUwYjE5NjQyXCIsXCI2LjNcIjpcIjliMDlhNGYzOGVhODA0M2Q5NDVhZjJjYzA3Zjg1OWY3XCJ9IiwiNWNjZGZmMmZkNDk5NjRiYTdhZGZmYzM4OGJmMDBjNmQiXQ==' \/>\n            <input type='hidden' autocomplete='off' class='gform_hidden' name='gform_target_page_number_2' id='gform_target_page_number_2' value='0' \/>\n            <input type='hidden' autocomplete='off' class='gform_hidden' name='gform_source_page_number_2' id='gform_source_page_number_2' value='1' \/>\n            <input type='hidden' name='gform_field_values' value='' \/>\n            \n        <\/div>\n                        <\/form>\n                        <\/div>\n\t\t                <iframe style='display:none;width:0px;height:0px;' src='about:blank' name='gform_ajax_frame_2' id='gform_ajax_frame_2' title='This iframe contains the logic required to handle Ajax powered Gravity Forms.'><\/iframe>\n\t\t                <script type=\"text\/javascript\">\n\/* <![CDATA[ *\/\n gform.initializeOnLoaded( function() {gformInitSpinner( 2, 'https:\/\/behaimits.com\/wp-content\/plugins\/gravityforms\/images\/spinner.svg', true );jQuery('#gform_ajax_frame_2').on('load',function(){var contents = jQuery(this).contents().find('*').html();var is_postback = contents.indexOf('GF_AJAX_POSTBACK') >= 0;if(!is_postback){return;}var form_content = jQuery(this).contents().find('#gform_wrapper_2');var is_confirmation = jQuery(this).contents().find('#gform_confirmation_wrapper_2').length > 0;var is_redirect = contents.indexOf('gformRedirect(){') >= 0;var is_form = form_content.length > 0 && ! is_redirect && ! is_confirmation;var mt = parseInt(jQuery('html').css('margin-top'), 10) + parseInt(jQuery('body').css('margin-top'), 10) + 100;if(is_form){jQuery('#gform_wrapper_2').html(form_content.html());if(form_content.hasClass('gform_validation_error')){jQuery('#gform_wrapper_2').addClass('gform_validation_error');} else {jQuery('#gform_wrapper_2').removeClass('gform_validation_error');}setTimeout( function() { \/* delay the scroll by 50 milliseconds to fix a bug in chrome *\/  }, 50 );if(window['gformInitDatepicker']) {gformInitDatepicker();}if(window['gformInitPriceFields']) {gformInitPriceFields();}var current_page = jQuery('#gform_source_page_number_2').val();gformInitSpinner( 2, 'https:\/\/behaimits.com\/wp-content\/plugins\/gravityforms\/images\/spinner.svg', true );jQuery(document).trigger('gform_page_loaded', [2, current_page]);window['gf_submitting_2'] = false;}else if(!is_redirect){var confirmation_content = jQuery(this).contents().find('.GF_AJAX_POSTBACK').html();if(!confirmation_content){confirmation_content = contents;}jQuery('#gform_wrapper_2').replaceWith(confirmation_content);jQuery(document).trigger('gform_confirmation_loaded', [2]);window['gf_submitting_2'] = false;wp.a11y.speak(jQuery('#gform_confirmation_message_2').text());}else{jQuery('#gform_2').append(contents);if(window['gformRedirect']) {gformRedirect();}}jQuery(document).trigger(\"gform_pre_post_render\", [{ formId: \"2\", currentPage: \"current_page\", abort: function() { this.preventDefault(); } }]);        if (event && event.defaultPrevented) {                return;        }        const gformWrapperDiv = document.getElementById( \"gform_wrapper_2\" );        if ( gformWrapperDiv ) {            const visibilitySpan = document.createElement( \"span\" );            visibilitySpan.id = \"gform_visibility_test_2\";            gformWrapperDiv.insertAdjacentElement( \"afterend\", visibilitySpan );        }        const visibilityTestDiv = document.getElementById( \"gform_visibility_test_2\" );        let postRenderFired = false;        function triggerPostRender() {            if ( postRenderFired ) {                return;            }            postRenderFired = true;            gform.core.triggerPostRenderEvents( 2, current_page );            if ( visibilityTestDiv ) {                visibilityTestDiv.parentNode.removeChild( visibilityTestDiv );            }        }        function debounce( func, wait, immediate ) {            var timeout;            return function() {                var context = this, args = arguments;                var later = function() {                    timeout = null;                    if ( !immediate ) func.apply( context, args );                };                var callNow = immediate && !timeout;                clearTimeout( timeout );                timeout = setTimeout( later, wait );                if ( callNow ) func.apply( context, args );            };        }        const debouncedTriggerPostRender = debounce( function() {            triggerPostRender();        }, 200 );        if ( visibilityTestDiv && visibilityTestDiv.offsetParent === null ) {            const observer = new MutationObserver( ( mutations ) => {                mutations.forEach( ( mutation ) => {                    if ( mutation.type === 'attributes' && visibilityTestDiv.offsetParent !== null ) {                        debouncedTriggerPostRender();                        observer.disconnect();                    }                });            });            observer.observe( document.body, {                attributes: true,                childList: false,                subtree: true,                attributeFilter: [ 'style', 'class' ],            });        } else {            triggerPostRender();        }    } );} ); \n\/* ]]> *\/\n<\/script>\n        <\/div>\n    <\/div>\n<\/section>\n\n","protected":false},"excerpt":{"rendered":"","protected":false},"author":23,"featured_media":0,"parent":2081,"menu_order":56,"comment_status":"closed","ping_status":"closed","template":"","meta":{"_acf_changed":false,"footnotes":""},"class_list":["post-2561","page","type-page","status-publish","hentry"],"acf":[],"yoast_head":"<!-- This site is optimized with the Yoast SEO plugin v26.9 - https:\/\/yoast.com\/product\/yoast-seo-wordpress\/ -->\n<title>Zak\u00e1zkov\u00fd v\u00fdvoj - Behaim IT Solutions<\/title>\n<meta name=\"robots\" content=\"index, follow, max-snippet:-1, max-image-preview:large, max-video-preview:-1\" \/>\n<link rel=\"canonical\" href=\"https:\/\/behaimits.com\/integration\/custom-development\/\" \/>\n<meta property=\"og:locale\" content=\"cs_CZ\" \/>\n<meta property=\"og:type\" content=\"article\" \/>\n<meta property=\"og:title\" content=\"Zak\u00e1zkov\u00fd v\u00fdvoj - Behaim IT Solutions\" \/>\n<meta property=\"og:url\" content=\"https:\/\/behaimits.com\/integration\/custom-development\/\" \/>\n<meta property=\"og:site_name\" content=\"Behaim IT Solutions\" \/>\n<meta property=\"article:modified_time\" content=\"2024-05-24T09:38:57+00:00\" \/>\n<meta name=\"twitter:card\" content=\"summary_large_image\" \/>\n<script type=\"application\/ld+json\" class=\"yoast-schema-graph\">{\"@context\":\"https:\/\/schema.org\",\"@graph\":[{\"@type\":\"WebPage\",\"@id\":\"https:\/\/behaimits.com\/integration\/custom-development\/\",\"url\":\"https:\/\/behaimits.com\/integration\/custom-development\/\",\"name\":\"Zak\u00e1zkov\u00fd v\u00fdvoj - Behaim IT Solutions\",\"isPartOf\":{\"@id\":\"https:\/\/behaimits.com\/#website\"},\"datePublished\":\"2023-12-12T00:02:34+00:00\",\"dateModified\":\"2024-05-24T09:38:57+00:00\",\"breadcrumb\":{\"@id\":\"https:\/\/behaimits.com\/integration\/custom-development\/#breadcrumb\"},\"inLanguage\":\"cs\",\"potentialAction\":[{\"@type\":\"ReadAction\",\"target\":[\"https:\/\/behaimits.com\/integration\/custom-development\/\"]}]},{\"@type\":\"BreadcrumbList\",\"@id\":\"https:\/\/behaimits.com\/integration\/custom-development\/#breadcrumb\",\"itemListElement\":[{\"@type\":\"ListItem\",\"position\":1,\"name\":\"Dom\u016f\",\"item\":\"https:\/\/behaimits.com\/cs\/\"},{\"@type\":\"ListItem\",\"position\":2,\"name\":\"Integrace\",\"item\":\"https:\/\/behaimits.com\/integration\/\"},{\"@type\":\"ListItem\",\"position\":3,\"name\":\"Zak\u00e1zkov\u00fd v\u00fdvoj\"}]},{\"@type\":\"WebSite\",\"@id\":\"https:\/\/behaimits.com\/#website\",\"url\":\"https:\/\/behaimits.com\/\",\"name\":\"Behaim IT Solutions\",\"description\":\"Dedication to Customers and IT Excellence\",\"potentialAction\":[{\"@type\":\"SearchAction\",\"target\":{\"@type\":\"EntryPoint\",\"urlTemplate\":\"https:\/\/behaimits.com\/?s={search_term_string}\"},\"query-input\":{\"@type\":\"PropertyValueSpecification\",\"valueRequired\":true,\"valueName\":\"search_term_string\"}}],\"inLanguage\":\"cs\"}]}<\/script>\n<!-- \/ Yoast SEO plugin. -->","yoast_head_json":{"title":"Zak\u00e1zkov\u00fd v\u00fdvoj - Behaim IT Solutions","robots":{"index":"index","follow":"follow","max-snippet":"max-snippet:-1","max-image-preview":"max-image-preview:large","max-video-preview":"max-video-preview:-1"},"canonical":"https:\/\/behaimits.com\/integration\/custom-development\/","og_locale":"cs_CZ","og_type":"article","og_title":"Zak\u00e1zkov\u00fd v\u00fdvoj - Behaim IT Solutions","og_url":"https:\/\/behaimits.com\/integration\/custom-development\/","og_site_name":"Behaim IT Solutions","article_modified_time":"2024-05-24T09:38:57+00:00","twitter_card":"summary_large_image","schema":{"@context":"https:\/\/schema.org","@graph":[{"@type":"WebPage","@id":"https:\/\/behaimits.com\/integration\/custom-development\/","url":"https:\/\/behaimits.com\/integration\/custom-development\/","name":"Zak\u00e1zkov\u00fd v\u00fdvoj - Behaim IT Solutions","isPartOf":{"@id":"https:\/\/behaimits.com\/#website"},"datePublished":"2023-12-12T00:02:34+00:00","dateModified":"2024-05-24T09:38:57+00:00","breadcrumb":{"@id":"https:\/\/behaimits.com\/integration\/custom-development\/#breadcrumb"},"inLanguage":"cs","potentialAction":[{"@type":"ReadAction","target":["https:\/\/behaimits.com\/integration\/custom-development\/"]}]},{"@type":"BreadcrumbList","@id":"https:\/\/behaimits.com\/integration\/custom-development\/#breadcrumb","itemListElement":[{"@type":"ListItem","position":1,"name":"Dom\u016f","item":"https:\/\/behaimits.com\/cs\/"},{"@type":"ListItem","position":2,"name":"Integrace","item":"https:\/\/behaimits.com\/integration\/"},{"@type":"ListItem","position":3,"name":"Zak\u00e1zkov\u00fd v\u00fdvoj"}]},{"@type":"WebSite","@id":"https:\/\/behaimits.com\/#website","url":"https:\/\/behaimits.com\/","name":"Behaim IT Solutions","description":"Dedication to Customers and IT Excellence","potentialAction":[{"@type":"SearchAction","target":{"@type":"EntryPoint","urlTemplate":"https:\/\/behaimits.com\/?s={search_term_string}"},"query-input":{"@type":"PropertyValueSpecification","valueRequired":true,"valueName":"search_term_string"}}],"inLanguage":"cs"}]}},"_links":{"self":[{"href":"https:\/\/behaimits.com\/cs\/wp-json\/wp\/v2\/pages\/2561","targetHints":{"allow":["GET"]}}],"collection":[{"href":"https:\/\/behaimits.com\/cs\/wp-json\/wp\/v2\/pages"}],"about":[{"href":"https:\/\/behaimits.com\/cs\/wp-json\/wp\/v2\/types\/page"}],"author":[{"embeddable":true,"href":"https:\/\/behaimits.com\/cs\/wp-json\/wp\/v2\/users\/23"}],"replies":[{"embeddable":true,"href":"https:\/\/behaimits.com\/cs\/wp-json\/wp\/v2\/comments?post=2561"}],"version-history":[{"count":16,"href":"https:\/\/behaimits.com\/cs\/wp-json\/wp\/v2\/pages\/2561\/revisions"}],"predecessor-version":[{"id":3615,"href":"https:\/\/behaimits.com\/cs\/wp-json\/wp\/v2\/pages\/2561\/revisions\/3615"}],"up":[{"embeddable":true,"href":"https:\/\/behaimits.com\/cs\/wp-json\/wp\/v2\/pages\/2081"}],"wp:attachment":[{"href":"https:\/\/behaimits.com\/cs\/wp-json\/wp\/v2\/media?parent=2561"}],"curies":[{"name":"wp","href":"https:\/\/api.w.org\/{rel}","templated":true}]}}