{"id":2382,"date":"2023-10-03T15:54:16","date_gmt":"2023-10-03T13:54:16","guid":{"rendered":"http:\/\/377715.w15.wedos.ws\/domains\/behaimits.com\/behaims-cloud-offering\/red-hat-openshift-container-platform\/"},"modified":"2023-12-11T22:47:58","modified_gmt":"2023-12-11T21:47:58","slug":"red-hat-openshift-container-platform","status":"publish","type":"page","link":"https:\/\/behaimits.com\/cs\/behaims-cloud-offering\/red-hat-openshift-container-platform\/","title":{"rendered":"Red Hat OpenShift Container Platform"},"content":{"rendered":"<section id=\"breadcrumb-hero-block_466de8c2d9dcf9afd9269431adf199ad\" data-id=\"breadcrumb-hero-block_466de8c2d9dcf9afd9269431adf199ad\" class=\"gt-block breadcrumb-hero bg-dark\">\n    <div class=\"container\">\n                            <div class=\"breadcrumb-hero__breadcrumbs\">\n                                    \t<a href=\"https:\/\/behaimits.com\/cs\/behaims-cloud-offering\/\"\n\t\t\t\ttitle=\"Cloud\"\n\t\tclass=\"\"\n\t>Cloud<\/a>\n&nbsp;&gt;&nbsp;\n                                <span>Red Hat OpenShift Container Platform<\/span>\n            <\/div>\n                            <h1>Red Hat OpenShift Container Platform<\/h1>\n            <\/div>\n<\/section>\n\n\n\n<section id=\"narrow-title-text-block-block_fc22565f5b964b3f477de1a10e075d27\" data-id=\"narrow-title-text-block-block_fc22565f5b964b3f477de1a10e075d27\" class=\"gt-block narrow-title-text-block\">\n    <div class=\"container container--skinny\">\n                    <span class=\"line\"><\/span>\n                                    <div class=\"narrow-title-text-block__content wysiwyg-wrapper\"><p>Platforma OpenShift spole\u010dnosti Red Hat pro spr\u00e1vu kontejnerov\u00e9ho prost\u0159ed\u00ed je vrstven\u00fd syst\u00e9m navr\u017een\u00fd tak, aby co nejp\u0159esn\u011bji zobrazoval z\u00e1kladn\u00ed obrazy kontejner\u016f ve form\u00e1tu Docker a&nbsp;koncepty Kubernetes se zam\u011b\u0159en\u00edm na snadn\u00e9 skl\u00e1d\u00e1n\u00ed aplikac\u00ed v\u00fdvoj\u00e1\u0159i. Pou\u017eit\u00ed platformy OpenShift zjednodu\u0161uje cel\u00fd \u017eivotn\u00ed cyklus nativn\u00edch kontejnerov\u00fdch aplikac\u00ed. Pom\u00e1h\u00e1 se spr\u00e1vou v\u00fdpo\u010detn\u00edch zdroj\u016f, nasazov\u00e1n\u00edm kontejnerov\u00fdch obraz\u016f, \u0161k\u00e1lov\u00e1n\u00edm aplikac\u00ed v&nbsp;re\u00e1ln\u00e9m \u010dase a&nbsp;tak\u00e9 podporuje DevOps t\u00edm, \u017ee \u0159\u00edd\u00ed p\u0159echod aplikac\u00ed mezi prost\u0159ed\u00edmi a&nbsp;t\u00fdmy.<\/p>\n<h3>Zprost\u0159edkovatel slu\u017eeb AWS<\/h3>\n<p>Zprost\u0159edkovatel slu\u017eeb AWS je podporov\u00e1n a&nbsp;kvalifikov\u00e1n na platform\u011b OpenShift Container Platform. Je nab\u00edzen ke sta\u017een\u00ed p\u0159\u00edmo od spole\u010dnosti Amazon, a&nbsp;proto je mnoho sou\u010d\u00e1st\u00ed tohoto \u0159e\u0161en\u00ed Service Broker podporov\u00e1no p\u0159\u00edmo spole\u010dnost\u00ed Amazon pro posledn\u00ed dv\u011b verze s&nbsp;dvoum\u011bs\u00ed\u010dn\u00edm zpo\u017ed\u011bn\u00edm po&nbsp;vyd\u00e1n\u00ed nov\u00e9 verze platformy OpenShift Container Platform. Spole\u010dnost Red Hat poskytuje podporu pro instalaci a&nbsp;\u0159e\u0161en\u00ed probl\u00e9m\u016f s&nbsp;clusterem OpenShift a&nbsp;katalogem slu\u017eeb.<\/p>\n<p>Certifikovan\u00fd t\u00fdm spole\u010dnosti Behaim m\u00e1 n\u011bkolikalet\u00e9 zku\u0161enosti s&nbsp;budov\u00e1n\u00edm a&nbsp;podporou kontejnerov\u00fdch platforem Openshift a&nbsp;AWS, kter\u00e9 nab\u00edz\u00ed:<\/p>\n<ul>\n<li>instalaci, nastaven\u00ed, konfiguraci a&nbsp;produk\u010dn\u00ed nasazen\u00ed<\/li>\n<li>implementace aplikac\u00ed (Java, TIBCO a&nbsp;dal\u0161\u00ed)<\/li>\n<li>Navrhov\u00e1n\u00ed a&nbsp;implementaci pokro\u010dil\u00fdch koncept\u016f automatizovan\u00e9ho v\u00fdvoje (CI\/CD)<\/li>\n<\/ul>\n<\/div>\n            <\/div>\n<\/section>\n\n","protected":false},"excerpt":{"rendered":"","protected":false},"author":23,"featured_media":0,"parent":2230,"menu_order":68,"comment_status":"closed","ping_status":"closed","template":"","meta":{"_acf_changed":false,"footnotes":""},"class_list":["post-2382","page","type-page","status-publish","hentry"],"acf":[],"yoast_head":"<!-- This site is optimized with the Yoast SEO plugin v26.9 - https:\/\/yoast.com\/product\/yoast-seo-wordpress\/ -->\n<title>Red Hat OpenShift Container Platform - Behaim IT Solutions<\/title>\n<meta name=\"robots\" content=\"index, follow, max-snippet:-1, max-image-preview:large, max-video-preview:-1\" \/>\n<link rel=\"canonical\" href=\"https:\/\/behaimits.com\/behaims-cloud-offering\/red-hat-openshift-container-platform\/\" \/>\n<meta property=\"og:locale\" content=\"cs_CZ\" \/>\n<meta property=\"og:type\" content=\"article\" \/>\n<meta property=\"og:title\" content=\"Red Hat OpenShift Container Platform - Behaim IT Solutions\" \/>\n<meta property=\"og:url\" content=\"https:\/\/behaimits.com\/behaims-cloud-offering\/red-hat-openshift-container-platform\/\" \/>\n<meta property=\"og:site_name\" content=\"Behaim IT Solutions\" \/>\n<meta property=\"article:modified_time\" content=\"2023-12-11T21:47:58+00:00\" \/>\n<meta name=\"twitter:card\" content=\"summary_large_image\" \/>\n<script type=\"application\/ld+json\" class=\"yoast-schema-graph\">{\"@context\":\"https:\/\/schema.org\",\"@graph\":[{\"@type\":\"WebPage\",\"@id\":\"https:\/\/behaimits.com\/behaims-cloud-offering\/red-hat-openshift-container-platform\/\",\"url\":\"https:\/\/behaimits.com\/behaims-cloud-offering\/red-hat-openshift-container-platform\/\",\"name\":\"Red Hat OpenShift Container Platform - Behaim IT Solutions\",\"isPartOf\":{\"@id\":\"https:\/\/behaimits.com\/#website\"},\"datePublished\":\"2023-10-03T13:54:16+00:00\",\"dateModified\":\"2023-12-11T21:47:58+00:00\",\"breadcrumb\":{\"@id\":\"https:\/\/behaimits.com\/behaims-cloud-offering\/red-hat-openshift-container-platform\/#breadcrumb\"},\"inLanguage\":\"cs\",\"potentialAction\":[{\"@type\":\"ReadAction\",\"target\":[\"https:\/\/behaimits.com\/behaims-cloud-offering\/red-hat-openshift-container-platform\/\"]}]},{\"@type\":\"BreadcrumbList\",\"@id\":\"https:\/\/behaimits.com\/behaims-cloud-offering\/red-hat-openshift-container-platform\/#breadcrumb\",\"itemListElement\":[{\"@type\":\"ListItem\",\"position\":1,\"name\":\"Dom\u016f\",\"item\":\"https:\/\/behaimits.com\/cs\/\"},{\"@type\":\"ListItem\",\"position\":2,\"name\":\"Cloud\",\"item\":\"https:\/\/behaimits.com\/behaims-cloud-offering\/\"},{\"@type\":\"ListItem\",\"position\":3,\"name\":\"Red Hat OpenShift Container Platform\"}]},{\"@type\":\"WebSite\",\"@id\":\"https:\/\/behaimits.com\/#website\",\"url\":\"https:\/\/behaimits.com\/\",\"name\":\"Behaim IT Solutions\",\"description\":\"Dedication to Customers and IT Excellence\",\"potentialAction\":[{\"@type\":\"SearchAction\",\"target\":{\"@type\":\"EntryPoint\",\"urlTemplate\":\"https:\/\/behaimits.com\/?s={search_term_string}\"},\"query-input\":{\"@type\":\"PropertyValueSpecification\",\"valueRequired\":true,\"valueName\":\"search_term_string\"}}],\"inLanguage\":\"cs\"}]}<\/script>\n<!-- \/ Yoast SEO plugin. -->","yoast_head_json":{"title":"Red Hat OpenShift Container Platform - Behaim IT Solutions","robots":{"index":"index","follow":"follow","max-snippet":"max-snippet:-1","max-image-preview":"max-image-preview:large","max-video-preview":"max-video-preview:-1"},"canonical":"https:\/\/behaimits.com\/behaims-cloud-offering\/red-hat-openshift-container-platform\/","og_locale":"cs_CZ","og_type":"article","og_title":"Red Hat OpenShift Container Platform - Behaim IT Solutions","og_url":"https:\/\/behaimits.com\/behaims-cloud-offering\/red-hat-openshift-container-platform\/","og_site_name":"Behaim IT Solutions","article_modified_time":"2023-12-11T21:47:58+00:00","twitter_card":"summary_large_image","schema":{"@context":"https:\/\/schema.org","@graph":[{"@type":"WebPage","@id":"https:\/\/behaimits.com\/behaims-cloud-offering\/red-hat-openshift-container-platform\/","url":"https:\/\/behaimits.com\/behaims-cloud-offering\/red-hat-openshift-container-platform\/","name":"Red Hat OpenShift Container Platform - Behaim IT Solutions","isPartOf":{"@id":"https:\/\/behaimits.com\/#website"},"datePublished":"2023-10-03T13:54:16+00:00","dateModified":"2023-12-11T21:47:58+00:00","breadcrumb":{"@id":"https:\/\/behaimits.com\/behaims-cloud-offering\/red-hat-openshift-container-platform\/#breadcrumb"},"inLanguage":"cs","potentialAction":[{"@type":"ReadAction","target":["https:\/\/behaimits.com\/behaims-cloud-offering\/red-hat-openshift-container-platform\/"]}]},{"@type":"BreadcrumbList","@id":"https:\/\/behaimits.com\/behaims-cloud-offering\/red-hat-openshift-container-platform\/#breadcrumb","itemListElement":[{"@type":"ListItem","position":1,"name":"Dom\u016f","item":"https:\/\/behaimits.com\/cs\/"},{"@type":"ListItem","position":2,"name":"Cloud","item":"https:\/\/behaimits.com\/behaims-cloud-offering\/"},{"@type":"ListItem","position":3,"name":"Red Hat OpenShift Container Platform"}]},{"@type":"WebSite","@id":"https:\/\/behaimits.com\/#website","url":"https:\/\/behaimits.com\/","name":"Behaim IT Solutions","description":"Dedication to Customers and IT Excellence","potentialAction":[{"@type":"SearchAction","target":{"@type":"EntryPoint","urlTemplate":"https:\/\/behaimits.com\/?s={search_term_string}"},"query-input":{"@type":"PropertyValueSpecification","valueRequired":true,"valueName":"search_term_string"}}],"inLanguage":"cs"}]}},"_links":{"self":[{"href":"https:\/\/behaimits.com\/cs\/wp-json\/wp\/v2\/pages\/2382","targetHints":{"allow":["GET"]}}],"collection":[{"href":"https:\/\/behaimits.com\/cs\/wp-json\/wp\/v2\/pages"}],"about":[{"href":"https:\/\/behaimits.com\/cs\/wp-json\/wp\/v2\/types\/page"}],"author":[{"embeddable":true,"href":"https:\/\/behaimits.com\/cs\/wp-json\/wp\/v2\/users\/23"}],"replies":[{"embeddable":true,"href":"https:\/\/behaimits.com\/cs\/wp-json\/wp\/v2\/comments?post=2382"}],"version-history":[{"count":2,"href":"https:\/\/behaimits.com\/cs\/wp-json\/wp\/v2\/pages\/2382\/revisions"}],"predecessor-version":[{"id":2384,"href":"https:\/\/behaimits.com\/cs\/wp-json\/wp\/v2\/pages\/2382\/revisions\/2384"}],"up":[{"embeddable":true,"href":"https:\/\/behaimits.com\/cs\/wp-json\/wp\/v2\/pages\/2230"}],"wp:attachment":[{"href":"https:\/\/behaimits.com\/cs\/wp-json\/wp\/v2\/media?parent=2382"}],"curies":[{"name":"wp","href":"https:\/\/api.w.org\/{rel}","templated":true}]}}