{"id":2368,"date":"2023-10-03T23:00:23","date_gmt":"2023-10-03T22:00:23","guid":{"rendered":"http:\/\/377715.w15.wedos.ws\/domains\/behaimits.com\/integration\/tibco\/tibco-solutions\/"},"modified":"2026-03-24T15:40:19","modified_gmt":"2026-03-24T14:40:19","slug":"tibco-solutions","status":"publish","type":"page","link":"https:\/\/behaimits.com\/cs\/integration\/tibco\/tibco-solutions\/","title":{"rendered":"\u0158e\u0161en\u00ed TIBCO"},"content":{"rendered":"<section id=\"breadcrumb-hero-block_ed2b25be5994525976799fbab66fe20b\" data-id=\"breadcrumb-hero-block_ed2b25be5994525976799fbab66fe20b\" class=\"gt-block breadcrumb-hero bg-dark\">\n    <div class=\"container\">\n                            <div class=\"breadcrumb-hero__breadcrumbs\">\n                                    \t<a href=\"https:\/\/behaimits.com\/cs\/integration\/\"\n\t\t\t\ttitle=\"Integrace\"\n\t\tclass=\"\"\n\t>Integrace<\/a>\n&nbsp;&gt;&nbsp;\n                                    \t<a href=\"https:\/\/behaimits.com\/cs\/integration\/tibco\/\"\n\t\t\t\ttitle=\"TIBCO integrace\"\n\t\tclass=\"\"\n\t>TIBCO integrace<\/a>\n&nbsp;&gt;&nbsp;\n                                <span>Na\u0161e \u0159e\u0161en\u00ed TIBCO<\/span>\n            <\/div>\n                            <h1><strong>Na\u0161e \u0159e\u0161en\u00ed<\/strong> TIBCO<\/h1>\n            <\/div>\n<\/section>\n\n\n\n<section id=\"threecol-icon-cards-block_7d79a524cb32800b28d63fcb0fa6d35b\" data-id=\"threecol-icon-cards-block_7d79a524cb32800b28d63fcb0fa6d35b\" class=\"gt-block threecol-icon-cards\">\n    <div class=\"container\">\n                <div class=\"threecol-icon-cards__grid\" data-equal=\"icon,subheader,title,content,card\" data-equal-in-row=\"1\" data-equal-on=\"501\">\n                                            <article class=\"icon-card card card--no-brdr\" data-equal-watch=\"card\">\n                    <figure class=\"icon-card__icon\" data-equal-watch=\"icon\"><\/figure>\n                    <span class=\"subheader l-0\" data-equal-watch=\"subheader\"><\/span>\n                    <h4 class=\"icon-card__title l-24\" data-equal-watch=\"title\">Advanced TIBCO Framework<\/h4>\n                    <div class=\"icon-card__content\" data-equal-watch=\"content\"><p>Advanced TIBCO Framework (ATF) podporuje sofistikovanou sadou n\u00e1stroj\u016f \u017eivotn\u00ed cyklus dod\u00e1vky v&nbsp;TIBCO projektech. \u0158e\u0161en\u00ed zlep\u0161uje kl\u00ed\u010dov\u00e1 m\u00edsta v&nbsp;procesu dod\u00e1vky a&nbsp;v\u00fdznamn\u011b zvy\u0161uje efektivitu pomoc\u00ed standardizace a&nbsp;automatizace.<\/p>\n<\/div>\n                    <div class=\"button-group-wrap\">\n\t\t\t\t<a href=\"https:\/\/behaimits.com\/cs\/integration\/tibco\/tibco-solutions\/advanced-tibco-framework\/\"\n\t\t\t\ttitle=\"Zjist\u011bte v\u00edc...\"\n\t\tclass=\"btn\"\n\t>Zjist\u011bte v\u00edc&#8230;<\/a>\n\t\t<\/div>                <\/article>\n                                            <article class=\"icon-card card card--no-brdr\" data-equal-watch=\"card\">\n                    <figure class=\"icon-card__icon\" data-equal-watch=\"icon\"><\/figure>\n                    <span class=\"subheader l-0\" data-equal-watch=\"subheader\"><\/span>\n                    <h4 class=\"icon-card__title l-24\" data-equal-watch=\"title\">Behaim ROM pro TIBCO FOS<\/h4>\n                    <div class=\"icon-card__content\" data-equal-watch=\"content\"><p>Spr\u00e1va objedn\u00e1vek zdroj\u016f pro TIBCO FOS<br \/>\nSada TIBCO Fulfilment Orchestration Suite (FOS) a\u00a0integra\u010dn\u00ed platforma TIBCO se osv\u011bd\u010dily p\u0159i\u00a0zav\u00e1d\u011bn\u00ed modern\u00edho a\u00a0dynamick\u00e9ho syst\u00e9mu spr\u00e1vy objedn\u00e1vek slu\u017eeb zalo\u017een\u00e9ho na katalogu.<\/p>\n<\/div>\n                    <div class=\"button-group-wrap\">\n\t\t\t\t<a href=\"https:\/\/behaimits.com\/cs\/integration\/tibco\/tibco-solutions\/behaim-rom-for-tibco-fos\/\"\n\t\t\t\ttitle=\"Zjist\u011bte v\u00edc...\"\n\t\tclass=\"btn\"\n\t>Zjist\u011bte v\u00edc&#8230;<\/a>\n\t\t<\/div>                <\/article>\n                                            <article class=\"icon-card card card--no-brdr\" data-equal-watch=\"card\">\n                    <figure class=\"icon-card__icon\" data-equal-watch=\"icon\"><\/figure>\n                    <span class=\"subheader l-0\" data-equal-watch=\"subheader\"><\/span>\n                    <h4 class=\"icon-card__title l-15\" data-equal-watch=\"title\">BillPrint Suite<\/h4>\n                    <div class=\"icon-card__content\" data-equal-watch=\"content\"><p>BillPrint Suite firmy Behaim automaticky generuje a&nbsp;archivuje XML dokumenty s\u00a0vy\u00fa\u010dtov\u00e1n\u00edmi pro koncov\u00e9 z\u00e1kazn\u00edky. Billingov\u00e9 syst\u00e9my p\u0159ipravuj\u00ed data pro vy\u00fa\u010dtov\u00e1n\u00ed, ze kter\u00fdch pak BillPrint Suite generuje podklady pro vytvo\u0159en\u00ed tisknuteln\u00fdch faktur. Hotov\u00e9\u00a0 faktury jsou odes\u00edl\u00e1ny na vybranou tisk\u00e1rnu.<\/p>\n<\/div>\n                    <div class=\"button-group-wrap\">\n\t\t\t\t<a href=\"https:\/\/behaimits.com\/cs\/integration\/tibco\/tibco-solutions\/billprint-suite\/\"\n\t\t\t\ttitle=\"Zjist\u011bte v\u00edc...\"\n\t\tclass=\"btn\"\n\t>Zjist\u011bte v\u00edc&#8230;<\/a>\n\t\t<\/div>                <\/article>\n                                            <article class=\"icon-card card card--no-brdr\" data-equal-watch=\"card\">\n                    <figure class=\"icon-card__icon\" data-equal-watch=\"icon\"><\/figure>\n                    <span class=\"subheader l-0\" data-equal-watch=\"subheader\"><\/span>\n                    <h4 class=\"icon-card__title l-33\" data-equal-watch=\"title\">\u0158e\u0161en\u00ed pohotovostn\u00ed odpov\u011bdi<\/h4>\n                    <div class=\"icon-card__content\" data-equal-watch=\"content\"><p>\u0158e\u0161en\u00ed pohotovostn\u00ed odpov\u011bdi spole\u010dnosti Behaim vyu\u017e\u00edv\u00e1 architekturu TIBCO v&nbsp;re\u00e1ln\u00e9m \u010dase a&nbsp;nejnov\u011bj\u0161\u00ed funkce chytr\u00fdch telefon\u016f, kter\u00e9 \u0161et\u0159\u00ed minuty p\u0159i&nbsp;reakci na mimo\u0159\u00e1dn\u00e9 ud\u00e1losti. \u0158e\u0161en\u00ed okam\u017eit\u011b vyhled\u00e1 nejbli\u017e\u0161\u00ed dostupnou prvn\u00ed pomoc, jakmile je do po\u010d\u00edta\u010de call centra zad\u00e1n p\u0159edpoklad z\u00e1kazn\u00edka, a&nbsp;spust\u00ed push ozn\u00e1men\u00ed s&nbsp;informac\u00ed o&nbsp;mimo\u0159\u00e1dn\u00e9 ud\u00e1losti se shrnut\u00edm a&nbsp;adresou.<\/p>\n<\/div>\n                    <div class=\"button-group-wrap\">\n\t\t\t\t<a href=\"https:\/\/behaimits.com\/cs\/integration\/tibco\/tibco-solutions\/behaim-emergency-response-solution\/\"\n\t\t\t\ttitle=\"Zjist\u011bte v\u00edc...\"\n\t\tclass=\"btn\"\n\t>Zjist\u011bte v\u00edc&#8230;<\/a>\n\t\t<\/div>                <\/article>\n                                            <article class=\"icon-card card card--no-brdr\" data-equal-watch=\"card\">\n                    <figure class=\"icon-card__icon\" data-equal-watch=\"icon\"><\/figure>\n                    <span class=\"subheader l-0\" data-equal-watch=\"subheader\"><\/span>\n                    <h4 class=\"icon-card__title l-36\" data-equal-watch=\"title\">TIBCO adapt\u00e9r firmy Behaim pro Esri<\/h4>\n                    <div class=\"icon-card__content\" data-equal-watch=\"content\"><p>TIBCO Adapter firmy Behaim pro Esri GIS Mapping Software prov\u00e1d\u00ed v\u00fdm\u011bnu dat v&nbsp;re\u00e1ln\u00e9m \u010dase mezi Esri ArcGIS, pluginem ArcFM a&nbsp;danou aplikac\u00ed p\u0159es TIBCO ESB.<\/p>\n<\/div>\n                    <div class=\"button-group-wrap\">\n\t\t\t\t<a href=\"https:\/\/behaimits.com\/cs\/integration\/tibco\/tibco-solutions\/behaim-tibco-adapter-for-esri\/\"\n\t\t\t\ttitle=\"Zjist\u011bte v\u00edc...\"\n\t\tclass=\"btn\"\n\t>Zjist\u011bte v\u00edc&#8230;<\/a>\n\t\t<\/div>                <\/article>\n                                            <article class=\"icon-card card card--no-brdr\" data-equal-watch=\"card\">\n                    <figure class=\"icon-card__icon\" data-equal-watch=\"icon\"><\/figure>\n                    <span class=\"subheader l-0\" data-equal-watch=\"subheader\"><\/span>\n                    <h4 class=\"icon-card__title l-35\" data-equal-watch=\"title\">TIBCO adapt\u00e9r firmy Behaim pro OPC<\/h4>\n                    <div class=\"icon-card__content\" data-equal-watch=\"content\"><p>Adapt\u00e9r TIBCO pro OPC spole\u010dnosti Behaim umo\u017e\u0148uje v\u00fdm\u011bnu dat v&nbsp;re\u00e1ln\u00e9m \u010dase mezi servery OPC a&nbsp;aplikacemi ESB spole\u010dnosti TIBCO. Poskytuje slu\u017eby request\/response pro manipulaci s&nbsp;daty zna\u010dek a&nbsp;odb\u011bry ozn\u00e1men\u00ed a&nbsp;slu\u017eby publish pro publikov\u00e1n\u00ed ozn\u00e1men\u00ed o&nbsp;zm\u011bn\u00e1ch zna\u010dek.<\/p>\n<\/div>\n                    <div class=\"button-group-wrap\">\n\t\t\t\t<a href=\"https:\/\/behaimits.com\/cs\/integration\/tibco\/tibco-solutions\/behaim-tibco-adapter-for-opc\/\"\n\t\t\t\ttitle=\"Zjist\u011bte v\u00edc...\"\n\t\tclass=\"btn\"\n\t>Zjist\u011bte v\u00edc&#8230;<\/a>\n\t\t<\/div>                <\/article>\n                                            <article class=\"icon-card card card--no-brdr\" data-equal-watch=\"card\">\n                    <figure class=\"icon-card__icon\" data-equal-watch=\"icon\"><\/figure>\n                    <span class=\"subheader l-0\" data-equal-watch=\"subheader\"><\/span>\n                    <h4 class=\"icon-card__title l-32\" data-equal-watch=\"title\">Spotfire jako mozek automatizace<\/h4>\n                    <div class=\"icon-card__content\" data-equal-watch=\"content\"><p>Mnoho podnik\u016f, se kter\u00fdmi Behaim spolupracuje, m\u00e1 dom\u00e1c\u00ed aplikace a\u00a0obchodn\u00ed procesy, kter\u00e9 zpracov\u00e1vaj\u00ed velk\u00e9 soubory kritick\u00fdch produk\u010dn\u00edch dat, je\u017e jsou pro jejich podnik\u00e1n\u00ed kl\u00ed\u010dov\u00e9. V\u00a0dne\u0161n\u00ed dob\u011b je pravidlem, \u017ee tato kritick\u00e1 data jsou vym\u011b\u0148ov\u00e1na s\u00a0intern\u00edm nebo extern\u00edm obchodn\u00edm partnerem\/z\u00e1kazn\u00edkem a\u00a0s\u00a0va\u0161imi lok\u00e1ln\u00edmi aplikacemi; proto je provozuschopnost va\u0161eho st\u00e1vaj\u00edc\u00edho produk\u010dn\u00edho prost\u0159ed\u00ed nesm\u00edrn\u011b d\u016fle\u017eit\u00e1.<\/p>\n<\/div>\n                    <div class=\"button-group-wrap\">\n\t\t\t\t<a href=\"https:\/\/behaimits.com\/cs\/integration\/tibco\/tibco-solutions\/spotfire-as-the-automation-brain\/\"\n\t\t\t\ttitle=\"Zjist\u011bte v\u00edc...\"\n\t\tclass=\"btn\"\n\t>Zjist\u011bte v\u00edc&#8230;<\/a>\n\t\t<\/div>                <\/article>\n                                            <article class=\"icon-card card card--no-brdr\" data-equal-watch=\"card\">\n                    <figure class=\"icon-card__icon\" data-equal-watch=\"icon\"><\/figure>\n                    <span class=\"subheader l-0\" data-equal-watch=\"subheader\"><\/span>\n                    <h4 class=\"icon-card__title l-16\" data-equal-watch=\"title\">BizTalk do TIBCO<\/h4>\n                    <div class=\"icon-card__content\" data-equal-watch=\"content\"><p>Behaim IT Solutions nab\u00edz\u00ed AI asistovanou metodologii pro migraci z&nbsp;Microsoft BizTalk na kontejnerovou platformu TIBCO, zaji\u0161\u0165uj\u00edc\u00ed modern\u00ed \u0161k\u00e1lovatelnost prost\u0159ednictv\u00edm \u0161estif\u00e1zov\u00e9ho p\u0159\u00edstupu se sn\u00ed\u017een\u00fdm rizikem.<\/p>\n<\/div>\n                    <div class=\"button-group-wrap\">\n\t\t\t\t<a href=\"https:\/\/behaimits.com\/wp-content\/uploads\/BizTalk2TIBCO.pdf\"\n\t\ttarget=\"_blank\"\t\ttitle=\"Zjist\u011bte v\u00edc...\"\n\t\tclass=\"btn btn--external-svg\"\n\t>Zjist\u011bte v\u00edc&#8230;<svg xmlns=\"http:\/\/www.w3.org\/2000\/svg\" xmlns:xlink=\"http:\/\/www.w3.org\/1999\/xlink\" width=\"14.001\" height=\"13.16\" viewBox=\"0 0 14.001 13.16\"><defs><clipPath><rect data-name=\"Rectangle 3314\" width=\"14.001\" height=\"13.16\" transform=\"translate(0 0)\" fill=\"none\" stroke=\"currentcolor\" stroke-width=\"1\"\/><\/clipPath><\/defs><g data-name=\"Group 5382\" transform=\"translate(0 0)\"><g data-name=\"Group 5382\" clip-path=\"url(#clip-path)\"><path data-name=\"Path 11541\" d=\"M9.25,10.16v2.25H.75V3.91H4\" fill=\"none\" stroke=\"currentcolor\" stroke-linecap=\"round\" stroke-linejoin=\"round\" stroke-width=\"1.5\"\/><g><path data-name=\"Path 11542\" d=\"M13.251,5.244V.751H8.757\" fill=\"none\" stroke=\"currentcolor\" stroke-linecap=\"round\" stroke-linejoin=\"round\" stroke-width=\"1.5\"\/><line data-name=\"Line 155\" y1=\"6\" x2=\"6\" transform=\"translate(7 1.069)\" fill=\"none\" stroke=\"currentcolor\" stroke-linecap=\"round\" stroke-width=\"1.5\"\/><\/g><\/g><\/g><\/svg>\n<\/a>\n\t\t<\/div>                <\/article>\n                    <\/div>\n    <\/div>\n<\/section>\n","protected":false},"excerpt":{"rendered":"","protected":false},"author":23,"featured_media":0,"parent":2305,"menu_order":23,"comment_status":"closed","ping_status":"closed","template":"","meta":{"_acf_changed":false,"footnotes":""},"class_list":["post-2368","page","type-page","status-publish","hentry"],"acf":[],"yoast_head":"<!-- This site is optimized with the Yoast SEO plugin v26.9 - https:\/\/yoast.com\/product\/yoast-seo-wordpress\/ -->\n<title>\u0158e\u0161en\u00ed TIBCO - Behaim IT Solutions<\/title>\n<meta name=\"robots\" content=\"index, follow, max-snippet:-1, max-image-preview:large, max-video-preview:-1\" \/>\n<link rel=\"canonical\" href=\"https:\/\/behaimits.com\/cs\/integration\/tibco\/tibco-solutions\/\" \/>\n<meta property=\"og:locale\" content=\"cs_CZ\" \/>\n<meta property=\"og:type\" content=\"article\" \/>\n<meta property=\"og:title\" content=\"\u0158e\u0161en\u00ed TIBCO - Behaim IT Solutions\" \/>\n<meta property=\"og:url\" content=\"https:\/\/behaimits.com\/cs\/integration\/tibco\/tibco-solutions\/\" \/>\n<meta property=\"og:site_name\" content=\"Behaim IT Solutions\" \/>\n<meta property=\"article:modified_time\" content=\"2026-03-24T14:40:19+00:00\" \/>\n<meta name=\"twitter:card\" content=\"summary_large_image\" \/>\n<script type=\"application\/ld+json\" class=\"yoast-schema-graph\">{\"@context\":\"https:\/\/schema.org\",\"@graph\":[{\"@type\":\"WebPage\",\"@id\":\"https:\/\/behaimits.com\/cs\/integration\/tibco\/tibco-solutions\/\",\"url\":\"https:\/\/behaimits.com\/cs\/integration\/tibco\/tibco-solutions\/\",\"name\":\"\u0158e\u0161en\u00ed TIBCO - Behaim IT Solutions\",\"isPartOf\":{\"@id\":\"https:\/\/behaimits.com\/#website\"},\"datePublished\":\"2023-10-03T22:00:23+00:00\",\"dateModified\":\"2026-03-24T14:40:19+00:00\",\"breadcrumb\":{\"@id\":\"https:\/\/behaimits.com\/cs\/integration\/tibco\/tibco-solutions\/#breadcrumb\"},\"inLanguage\":\"cs\",\"potentialAction\":[{\"@type\":\"ReadAction\",\"target\":[\"https:\/\/behaimits.com\/cs\/integration\/tibco\/tibco-solutions\/\"]}]},{\"@type\":\"BreadcrumbList\",\"@id\":\"https:\/\/behaimits.com\/cs\/integration\/tibco\/tibco-solutions\/#breadcrumb\",\"itemListElement\":[{\"@type\":\"ListItem\",\"position\":1,\"name\":\"Dom\u016f\",\"item\":\"https:\/\/behaimits.com\/cs\/\"},{\"@type\":\"ListItem\",\"position\":2,\"name\":\"Integrace\",\"item\":\"https:\/\/behaimits.com\/integration\/\"},{\"@type\":\"ListItem\",\"position\":3,\"name\":\"TIBCO integrace\",\"item\":\"https:\/\/behaimits.com\/cs\/integration\/tibco\/\"},{\"@type\":\"ListItem\",\"position\":4,\"name\":\"\u0158e\u0161en\u00ed TIBCO\"}]},{\"@type\":\"WebSite\",\"@id\":\"https:\/\/behaimits.com\/#website\",\"url\":\"https:\/\/behaimits.com\/\",\"name\":\"Behaim IT Solutions\",\"description\":\"Dedication to Customers and IT Excellence\",\"potentialAction\":[{\"@type\":\"SearchAction\",\"target\":{\"@type\":\"EntryPoint\",\"urlTemplate\":\"https:\/\/behaimits.com\/?s={search_term_string}\"},\"query-input\":{\"@type\":\"PropertyValueSpecification\",\"valueRequired\":true,\"valueName\":\"search_term_string\"}}],\"inLanguage\":\"cs\"}]}<\/script>\n<!-- \/ Yoast SEO plugin. -->","yoast_head_json":{"title":"\u0158e\u0161en\u00ed TIBCO - Behaim IT Solutions","robots":{"index":"index","follow":"follow","max-snippet":"max-snippet:-1","max-image-preview":"max-image-preview:large","max-video-preview":"max-video-preview:-1"},"canonical":"https:\/\/behaimits.com\/cs\/integration\/tibco\/tibco-solutions\/","og_locale":"cs_CZ","og_type":"article","og_title":"\u0158e\u0161en\u00ed TIBCO - Behaim IT Solutions","og_url":"https:\/\/behaimits.com\/cs\/integration\/tibco\/tibco-solutions\/","og_site_name":"Behaim IT Solutions","article_modified_time":"2026-03-24T14:40:19+00:00","twitter_card":"summary_large_image","schema":{"@context":"https:\/\/schema.org","@graph":[{"@type":"WebPage","@id":"https:\/\/behaimits.com\/cs\/integration\/tibco\/tibco-solutions\/","url":"https:\/\/behaimits.com\/cs\/integration\/tibco\/tibco-solutions\/","name":"\u0158e\u0161en\u00ed TIBCO - Behaim IT Solutions","isPartOf":{"@id":"https:\/\/behaimits.com\/#website"},"datePublished":"2023-10-03T22:00:23+00:00","dateModified":"2026-03-24T14:40:19+00:00","breadcrumb":{"@id":"https:\/\/behaimits.com\/cs\/integration\/tibco\/tibco-solutions\/#breadcrumb"},"inLanguage":"cs","potentialAction":[{"@type":"ReadAction","target":["https:\/\/behaimits.com\/cs\/integration\/tibco\/tibco-solutions\/"]}]},{"@type":"BreadcrumbList","@id":"https:\/\/behaimits.com\/cs\/integration\/tibco\/tibco-solutions\/#breadcrumb","itemListElement":[{"@type":"ListItem","position":1,"name":"Dom\u016f","item":"https:\/\/behaimits.com\/cs\/"},{"@type":"ListItem","position":2,"name":"Integrace","item":"https:\/\/behaimits.com\/integration\/"},{"@type":"ListItem","position":3,"name":"TIBCO integrace","item":"https:\/\/behaimits.com\/cs\/integration\/tibco\/"},{"@type":"ListItem","position":4,"name":"\u0158e\u0161en\u00ed TIBCO"}]},{"@type":"WebSite","@id":"https:\/\/behaimits.com\/#website","url":"https:\/\/behaimits.com\/","name":"Behaim IT Solutions","description":"Dedication to Customers and IT Excellence","potentialAction":[{"@type":"SearchAction","target":{"@type":"EntryPoint","urlTemplate":"https:\/\/behaimits.com\/?s={search_term_string}"},"query-input":{"@type":"PropertyValueSpecification","valueRequired":true,"valueName":"search_term_string"}}],"inLanguage":"cs"}]}},"_links":{"self":[{"href":"https:\/\/behaimits.com\/cs\/wp-json\/wp\/v2\/pages\/2368","targetHints":{"allow":["GET"]}}],"collection":[{"href":"https:\/\/behaimits.com\/cs\/wp-json\/wp\/v2\/pages"}],"about":[{"href":"https:\/\/behaimits.com\/cs\/wp-json\/wp\/v2\/types\/page"}],"author":[{"embeddable":true,"href":"https:\/\/behaimits.com\/cs\/wp-json\/wp\/v2\/users\/23"}],"replies":[{"embeddable":true,"href":"https:\/\/behaimits.com\/cs\/wp-json\/wp\/v2\/comments?post=2368"}],"version-history":[{"count":37,"href":"https:\/\/behaimits.com\/cs\/wp-json\/wp\/v2\/pages\/2368\/revisions"}],"predecessor-version":[{"id":4265,"href":"https:\/\/behaimits.com\/cs\/wp-json\/wp\/v2\/pages\/2368\/revisions\/4265"}],"up":[{"embeddable":true,"href":"https:\/\/behaimits.com\/cs\/wp-json\/wp\/v2\/pages\/2305"}],"wp:attachment":[{"href":"https:\/\/behaimits.com\/cs\/wp-json\/wp\/v2\/media?parent=2368"}],"curies":[{"name":"wp","href":"https:\/\/api.w.org\/{rel}","templated":true}]}}