{"id":2365,"date":"2023-09-26T14:55:17","date_gmt":"2023-09-26T13:55:17","guid":{"rendered":"http:\/\/377715.w15.wedos.ws\/domains\/behaimits.com\/integration\/tibco\/tibco-products\/"},"modified":"2024-02-16T15:34:24","modified_gmt":"2024-02-16T14:34:24","slug":"tibco-products","status":"publish","type":"page","link":"https:\/\/behaimits.com\/cs\/integration\/tibco\/tibco-products\/","title":{"rendered":"Produkty TIBCO"},"content":{"rendered":"<section id=\"breadcrumb-hero-block_1fe3928dab63cd863641b3a30f9680c2\" data-id=\"breadcrumb-hero-block_1fe3928dab63cd863641b3a30f9680c2\" class=\"gt-block breadcrumb-hero bg-dark\">\n    <div class=\"container\">\n                            <div class=\"breadcrumb-hero__breadcrumbs\">\n                                    \t<a href=\"https:\/\/behaimits.com\/cs\/integration\/\"\n\t\t\t\ttitle=\"Integrace\"\n\t\tclass=\"\"\n\t>Integrace<\/a>\n&nbsp;&gt;&nbsp;\n                                    \t<a href=\"https:\/\/behaimits.com\/cs\/integration\/tibco\/\"\n\t\t\t\ttitle=\"TIBCO integrace\"\n\t\tclass=\"\"\n\t>TIBCO integrace<\/a>\n&nbsp;&gt;&nbsp;\n                                <span>Na\u0161e produkty TIBCO<\/span>\n            <\/div>\n                            <h1><strong>Na\u0161e produkty<\/strong> TIBCO<\/h1>\n            <\/div>\n<\/section>\n\n\n\n<section id=\"threecol-icon-cards-block_ac3bdb13308f2a6e512f065fd20731a6\" data-id=\"threecol-icon-cards-block_ac3bdb13308f2a6e512f065fd20731a6\" class=\"gt-block threecol-icon-cards\">\n    <div class=\"container\">\n                <div class=\"threecol-icon-cards__grid\" data-equal=\"icon,subheader,title,content,card\" data-equal-in-row=\"1\" data-equal-on=\"501\">\n                                            <article class=\"icon-card card card--no-brdr\" data-equal-watch=\"card\">\n                    <figure class=\"icon-card__icon\" data-equal-watch=\"icon\"><\/figure>\n                    <span class=\"subheader l-0\" data-equal-watch=\"subheader\"><\/span>\n                    <h4 class=\"icon-card__title l-29\" data-equal-watch=\"title\">Messaging \/ Integration \/ SOA<\/h4>\n                    <div class=\"icon-card__content\" data-equal-watch=\"content\"><p>Integration \/ SOA \u2013 TIBCO BusinessWorks (BW) and Enterprise Messaging Service (EMS)<\/p>\n<\/div>\n                    <div class=\"button-group-wrap\">\n\t\t\t\t<a href=\"https:\/\/behaimits.com\/cs\/integration\/tibco\/tibco-products\/2464-2\/\"\n\t\t\t\ttitle=\"Zjist\u011bte v\u00edc...\"\n\t\tclass=\"btn\"\n\t>Zjist\u011bte v\u00edc&#8230;<\/a>\n\t\t<\/div>                <\/article>\n                                            <article class=\"icon-card card card--no-brdr\" data-equal-watch=\"card\">\n                    <figure class=\"icon-card__icon\" data-equal-watch=\"icon\"><\/figure>\n                    <span class=\"subheader l-0\" data-equal-watch=\"subheader\"><\/span>\n                    <h4 class=\"icon-card__title l-8\" data-equal-watch=\"title\">Adapters<\/h4>\n                    <div class=\"icon-card__content\" data-equal-watch=\"content\"><p>Kvalitn\u00ed adapt\u00e9ry jsou rozhoduj\u00edc\u00ed podm\u00ednkou pro \u00fasp\u011b\u0161n\u00e9 zvl\u00e1dnut\u00ed SOA: slou\u017e\u00ed k&nbsp;zapojen\u00ed existuj\u00edc\u00edch \u0159e\u0161en\u00ed do nov\u00e9 architektury a&nbsp;umo\u017e\u0148uj\u00ed jejich efektivn\u00ed vyu\u017eit\u00ed.<\/p>\n<\/div>\n                    <div class=\"button-group-wrap\">\n\t\t\t\t<a href=\"https:\/\/behaimits.com\/cs\/integration\/tibco\/tibco-products\/adapters\/\"\n\t\t\t\ttitle=\"Zjist\u011bte v\u00edc...\"\n\t\tclass=\"btn\"\n\t>Zjist\u011bte v\u00edc&#8230;<\/a>\n\t\t<\/div>                <\/article>\n                                            <article class=\"icon-card card card--no-brdr\" data-equal-watch=\"card\">\n                    <figure class=\"icon-card__icon\" data-equal-watch=\"icon\"><\/figure>\n                    <span class=\"subheader l-0\" data-equal-watch=\"subheader\"><\/span>\n                    <h4 class=\"icon-card__title l-34\" data-equal-watch=\"title\">Komplexn\u00ed zpracov\u00e1n\u00ed ud\u00e1lost\u00ed<\/h4>\n                    <div class=\"icon-card__content\" data-equal-watch=\"content\"><p>Software pro komplexn\u00ed zpracov\u00e1n\u00ed ud\u00e1lost\u00ed (CEP) agreguje informace z&nbsp;distribuovan\u00fdch syst\u00e9m\u016f v&nbsp;re\u00e1ln\u00e9m \u010dase a&nbsp;uplat\u0148uje pravidla pro rozpozn\u00e1n\u00ed vzorc\u016f a&nbsp;trend\u016f, kter\u00e9 by jinak z\u016fstaly nepov\u0161imnuty.<\/p>\n<\/div>\n                    <div class=\"button-group-wrap\">\n\t\t\t\t<a href=\"https:\/\/behaimits.com\/cs\/integration\/tibco\/tibco-products\/complex-event-processing\/\"\n\t\t\t\ttitle=\"Zjist\u011bte v\u00edc...\"\n\t\tclass=\"btn\"\n\t>Zjist\u011bte v\u00edc&#8230;<\/a>\n\t\t<\/div>                <\/article>\n                                            <article class=\"icon-card card card--no-brdr\" data-equal-watch=\"card\">\n                    <figure class=\"icon-card__icon\" data-equal-watch=\"icon\"><\/figure>\n                    <span class=\"subheader l-0\" data-equal-watch=\"subheader\"><\/span>\n                    <h4 class=\"icon-card__title l-31\" data-equal-watch=\"title\">\u0158\u00edzen\u00ed podnikov\u00fdch proces\u016f<\/h4>\n                    <div class=\"icon-card__content\" data-equal-watch=\"content\"><p>\u0158\u00edzen\u00ed podnikov\u00fdch proces\u016f (BPM) d\u00e1v\u00e1 podnik\u016fm mo\u017enost automatizovat, \u0159\u00eddit a&nbsp;optimalizovat sv\u00e9 procesy za \u00fa\u010delem zv\u00fd\u0161en\u00ed provozn\u00ed efektivity a&nbsp;\u00fa\u010dinnosti.<\/p>\n<\/div>\n                    <div class=\"button-group-wrap\">\n\t\t\t\t<a href=\"https:\/\/behaimits.com\/cs\/integration\/tibco\/tibco-products\/business-process-management\/\"\n\t\t\t\ttitle=\"Zjist\u011bte v\u00edc...\"\n\t\tclass=\"btn\"\n\t>Zjist\u011bte v\u00edc&#8230;<\/a>\n\t\t<\/div>                <\/article>\n                                            <article class=\"icon-card card card--no-brdr\" data-equal-watch=\"card\">\n                    <figure class=\"icon-card__icon\" data-equal-watch=\"icon\"><\/figure>\n                    <span class=\"subheader l-0\" data-equal-watch=\"subheader\"><\/span>\n                    <h4 class=\"icon-card__title l-23\" data-equal-watch=\"title\">Centr\u00e1ln\u00ed spr\u00e1va dat<\/h4>\n                    <div class=\"icon-card__content\" data-equal-watch=\"content\"><p>Rychlost, s&nbsp;jakou dnes doch\u00e1z\u00ed ke zm\u011bn\u011b podnikov\u00fdch prost\u0159ed\u00ed, motivuje spole\u010dnosti ke zlep\u0161ov\u00e1n\u00ed st\u00e1vaj\u00edc\u00edch a&nbsp;osvojov\u00e1n\u00ed nov\u00fdch podnikov\u00fdch proces\u016f tak, aby si udr\u017eely dostate\u010dn\u00fd n\u00e1skok p\u0159ed konkurenc\u00ed.<\/p>\n<\/div>\n                    <div class=\"button-group-wrap\">\n\t\t\t\t<a href=\"https:\/\/behaimits.com\/cs\/integration\/tibco\/tibco-products\/master-data-management\/\"\n\t\t\t\ttitle=\"Zjist\u011bte v\u00edc...\"\n\t\tclass=\"btn\"\n\t>Zjist\u011bte v\u00edc&#8230;<\/a>\n\t\t<\/div>                <\/article>\n                                            <article class=\"icon-card card card--no-brdr\" data-equal-watch=\"card\">\n                    <figure class=\"icon-card__icon\" data-equal-watch=\"icon\"><\/figure>\n                    <span class=\"subheader l-0\" data-equal-watch=\"subheader\"><\/span>\n                    <h4 class=\"icon-card__title l-17\" data-equal-watch=\"title\">Order Fulfillment<\/h4>\n                    <div class=\"icon-card__content\" data-equal-watch=\"content\"><p>TIBCO Fulfillment Orchestration\u2122 poskytuje agiln\u00ed a&nbsp;flexibiln\u00ed produktovou sadu pro dodavatele telekomunika\u010dn\u00edch slu\u017eeb a&nbsp;\u0159e\u0161\u00ed probl\u00e9m automatizace st\u00e1le slo\u017eit\u011bj\u0161\u00edch slu\u017eeb s\u00a0vysokou p\u0159idanou hodnotou \u2013 dovoluje rychlej\u0161\u00ed a&nbsp;m\u00e9n\u011b n\u00e1kladn\u00e9 vy\u0159\u00edzen\u00ed ne\u017e kdykoliv p\u0159edt\u00edm.<\/p>\n<\/div>\n                    <div class=\"button-group-wrap\">\n\t\t\t\t<a href=\"https:\/\/behaimits.com\/cs\/integration\/tibco\/tibco-products\/order-fulfillment\/\"\n\t\t\t\ttitle=\"Zjist\u011bte v\u00edc...\"\n\t\tclass=\"btn\"\n\t>Zjist\u011bte v\u00edc&#8230;<\/a>\n\t\t<\/div>                <\/article>\n                                            <article class=\"icon-card card card--no-brdr\" data-equal-watch=\"card\">\n                    <figure class=\"icon-card__icon\" data-equal-watch=\"icon\"><\/figure>\n                    <span class=\"subheader l-0\" data-equal-watch=\"subheader\"><\/span>\n                    <h4 class=\"icon-card__title l-12\" data-equal-watch=\"title\">API Exchange<\/h4>\n                    <div class=\"icon-card__content\" data-equal-watch=\"content\"><p>TIBCO API Exchange Gateway (d\u0159\u00edve ASG) vyu\u017e\u00edvaj\u00ed podniky jako m\u00edsto, p\u0159es kter\u00e9 centr\u00e1ln\u011b \u0159\u00edd\u00ed SOA komunikaci s&nbsp;intern\u00edmi nebo extern\u00edmi partnery. Slou\u017e\u00ed jako jednotn\u00fd kontaktn\u00ed bod pro ve\u0161kerou p\u0159\u00edchoz\u00ed komunikaci a&nbsp;jako br\u00e1na pro odchoz\u00ed provoz.<\/p>\n<\/div>\n                    <div class=\"button-group-wrap\">\n\t\t\t\t<a href=\"https:\/\/behaimits.com\/cs\/integration\/tibco\/tibco-products\/api-exchange\/\"\n\t\t\t\ttitle=\"Zjist\u011bte v\u00edc...\"\n\t\tclass=\"btn\"\n\t>Zjist\u011bte v\u00edc&#8230;<\/a>\n\t\t<\/div>                <\/article>\n                                            <article class=\"icon-card card card--no-brdr\" data-equal-watch=\"card\">\n                    <figure class=\"icon-card__icon\" data-equal-watch=\"icon\"><\/figure>\n                    <span class=\"subheader l-0\" data-equal-watch=\"subheader\"><\/span>\n                    <h4 class=\"icon-card__title l-23\" data-equal-watch=\"title\">Propojen\u00ed mezi podniky<\/h4>\n                    <div class=\"icon-card__content\" data-equal-watch=\"content\"><p>Na\u0161i konzultanti byli kompletn\u011b pro\u0161koleni v\u00a0produktech TIBCO BC (Foresight a&nbsp;Analytics) a&nbsp;maj\u00ed v&nbsp;tomto oboru \u0161est let zku\u0161enost\u00ed.<\/p>\n<\/div>\n                    <div class=\"button-group-wrap\">\n\t\t\t\t<a href=\"https:\/\/behaimits.com\/cs\/integration\/tibco\/tibco-products\/multi-enterprise-connectivity\/\"\n\t\t\t\ttitle=\"Zjist\u011bte v\u00edc...\"\n\t\tclass=\"btn\"\n\t>Zjist\u011bte v\u00edc&#8230;<\/a>\n\t\t<\/div>                <\/article>\n                    <\/div>\n    <\/div>\n<\/section>\n","protected":false},"excerpt":{"rendered":"","protected":false},"author":23,"featured_media":0,"parent":2305,"menu_order":16,"comment_status":"closed","ping_status":"closed","template":"","meta":{"_acf_changed":false,"footnotes":""},"class_list":["post-2365","page","type-page","status-publish","hentry"],"acf":[],"yoast_head":"<!-- This site is optimized with the Yoast SEO plugin v26.9 - https:\/\/yoast.com\/product\/yoast-seo-wordpress\/ -->\n<title>Produkty TIBCO - Behaim IT Solutions<\/title>\n<meta name=\"robots\" content=\"index, follow, max-snippet:-1, max-image-preview:large, max-video-preview:-1\" \/>\n<link rel=\"canonical\" href=\"https:\/\/behaimits.com\/cs\/integration\/tibco\/tibco-products\/\" \/>\n<meta property=\"og:locale\" content=\"cs_CZ\" \/>\n<meta property=\"og:type\" content=\"article\" \/>\n<meta property=\"og:title\" content=\"Produkty TIBCO - Behaim IT Solutions\" \/>\n<meta property=\"og:url\" content=\"https:\/\/behaimits.com\/cs\/integration\/tibco\/tibco-products\/\" \/>\n<meta property=\"og:site_name\" content=\"Behaim IT Solutions\" \/>\n<meta property=\"article:modified_time\" content=\"2024-02-16T14:34:24+00:00\" \/>\n<meta name=\"twitter:card\" content=\"summary_large_image\" \/>\n<script type=\"application\/ld+json\" class=\"yoast-schema-graph\">{\"@context\":\"https:\/\/schema.org\",\"@graph\":[{\"@type\":\"WebPage\",\"@id\":\"https:\/\/behaimits.com\/cs\/integration\/tibco\/tibco-products\/\",\"url\":\"https:\/\/behaimits.com\/cs\/integration\/tibco\/tibco-products\/\",\"name\":\"Produkty TIBCO - Behaim IT Solutions\",\"isPartOf\":{\"@id\":\"https:\/\/behaimits.com\/#website\"},\"datePublished\":\"2023-09-26T13:55:17+00:00\",\"dateModified\":\"2024-02-16T14:34:24+00:00\",\"breadcrumb\":{\"@id\":\"https:\/\/behaimits.com\/cs\/integration\/tibco\/tibco-products\/#breadcrumb\"},\"inLanguage\":\"cs\",\"potentialAction\":[{\"@type\":\"ReadAction\",\"target\":[\"https:\/\/behaimits.com\/cs\/integration\/tibco\/tibco-products\/\"]}]},{\"@type\":\"BreadcrumbList\",\"@id\":\"https:\/\/behaimits.com\/cs\/integration\/tibco\/tibco-products\/#breadcrumb\",\"itemListElement\":[{\"@type\":\"ListItem\",\"position\":1,\"name\":\"Dom\u016f\",\"item\":\"https:\/\/behaimits.com\/cs\/\"},{\"@type\":\"ListItem\",\"position\":2,\"name\":\"Integrace\",\"item\":\"https:\/\/behaimits.com\/integration\/\"},{\"@type\":\"ListItem\",\"position\":3,\"name\":\"TIBCO integrace\",\"item\":\"https:\/\/behaimits.com\/cs\/integration\/tibco\/\"},{\"@type\":\"ListItem\",\"position\":4,\"name\":\"Produkty TIBCO\"}]},{\"@type\":\"WebSite\",\"@id\":\"https:\/\/behaimits.com\/#website\",\"url\":\"https:\/\/behaimits.com\/\",\"name\":\"Behaim IT Solutions\",\"description\":\"Dedication to Customers and IT Excellence\",\"potentialAction\":[{\"@type\":\"SearchAction\",\"target\":{\"@type\":\"EntryPoint\",\"urlTemplate\":\"https:\/\/behaimits.com\/?s={search_term_string}\"},\"query-input\":{\"@type\":\"PropertyValueSpecification\",\"valueRequired\":true,\"valueName\":\"search_term_string\"}}],\"inLanguage\":\"cs\"}]}<\/script>\n<!-- \/ Yoast SEO plugin. -->","yoast_head_json":{"title":"Produkty TIBCO - Behaim IT Solutions","robots":{"index":"index","follow":"follow","max-snippet":"max-snippet:-1","max-image-preview":"max-image-preview:large","max-video-preview":"max-video-preview:-1"},"canonical":"https:\/\/behaimits.com\/cs\/integration\/tibco\/tibco-products\/","og_locale":"cs_CZ","og_type":"article","og_title":"Produkty TIBCO - Behaim IT Solutions","og_url":"https:\/\/behaimits.com\/cs\/integration\/tibco\/tibco-products\/","og_site_name":"Behaim IT Solutions","article_modified_time":"2024-02-16T14:34:24+00:00","twitter_card":"summary_large_image","schema":{"@context":"https:\/\/schema.org","@graph":[{"@type":"WebPage","@id":"https:\/\/behaimits.com\/cs\/integration\/tibco\/tibco-products\/","url":"https:\/\/behaimits.com\/cs\/integration\/tibco\/tibco-products\/","name":"Produkty TIBCO - Behaim IT Solutions","isPartOf":{"@id":"https:\/\/behaimits.com\/#website"},"datePublished":"2023-09-26T13:55:17+00:00","dateModified":"2024-02-16T14:34:24+00:00","breadcrumb":{"@id":"https:\/\/behaimits.com\/cs\/integration\/tibco\/tibco-products\/#breadcrumb"},"inLanguage":"cs","potentialAction":[{"@type":"ReadAction","target":["https:\/\/behaimits.com\/cs\/integration\/tibco\/tibco-products\/"]}]},{"@type":"BreadcrumbList","@id":"https:\/\/behaimits.com\/cs\/integration\/tibco\/tibco-products\/#breadcrumb","itemListElement":[{"@type":"ListItem","position":1,"name":"Dom\u016f","item":"https:\/\/behaimits.com\/cs\/"},{"@type":"ListItem","position":2,"name":"Integrace","item":"https:\/\/behaimits.com\/integration\/"},{"@type":"ListItem","position":3,"name":"TIBCO integrace","item":"https:\/\/behaimits.com\/cs\/integration\/tibco\/"},{"@type":"ListItem","position":4,"name":"Produkty TIBCO"}]},{"@type":"WebSite","@id":"https:\/\/behaimits.com\/#website","url":"https:\/\/behaimits.com\/","name":"Behaim IT Solutions","description":"Dedication to Customers and IT Excellence","potentialAction":[{"@type":"SearchAction","target":{"@type":"EntryPoint","urlTemplate":"https:\/\/behaimits.com\/?s={search_term_string}"},"query-input":{"@type":"PropertyValueSpecification","valueRequired":true,"valueName":"search_term_string"}}],"inLanguage":"cs"}]}},"_links":{"self":[{"href":"https:\/\/behaimits.com\/cs\/wp-json\/wp\/v2\/pages\/2365","targetHints":{"allow":["GET"]}}],"collection":[{"href":"https:\/\/behaimits.com\/cs\/wp-json\/wp\/v2\/pages"}],"about":[{"href":"https:\/\/behaimits.com\/cs\/wp-json\/wp\/v2\/types\/page"}],"author":[{"embeddable":true,"href":"https:\/\/behaimits.com\/cs\/wp-json\/wp\/v2\/users\/23"}],"replies":[{"embeddable":true,"href":"https:\/\/behaimits.com\/cs\/wp-json\/wp\/v2\/comments?post=2365"}],"version-history":[{"count":22,"href":"https:\/\/behaimits.com\/cs\/wp-json\/wp\/v2\/pages\/2365\/revisions"}],"predecessor-version":[{"id":2955,"href":"https:\/\/behaimits.com\/cs\/wp-json\/wp\/v2\/pages\/2365\/revisions\/2955"}],"up":[{"embeddable":true,"href":"https:\/\/behaimits.com\/cs\/wp-json\/wp\/v2\/pages\/2305"}],"wp:attachment":[{"href":"https:\/\/behaimits.com\/cs\/wp-json\/wp\/v2\/media?parent=2365"}],"curies":[{"name":"wp","href":"https:\/\/api.w.org\/{rel}","templated":true}]}}