{"id":2341,"date":"2023-10-17T17:31:22","date_gmt":"2023-10-17T15:31:22","guid":{"rendered":"http:\/\/377715.w15.wedos.ws\/domains\/behaimits.com\/earth-apple-fund\/"},"modified":"2023-12-11T22:17:19","modified_gmt":"2023-12-11T21:17:19","slug":"earth-apple-fund","status":"publish","type":"page","link":"https:\/\/behaimits.com\/cs\/about-us\/earth-apple-fund\/","title":{"rendered":"EarthApple Fund"},"content":{"rendered":"<section id=\"doublecol-hero-block_568f3e75ded2a3f3c31545a44171a2bc\" data-id=\"doublecol-hero-block_568f3e75ded2a3f3c31545a44171a2bc\" class=\"gt-block doublecol-hero\">\n    <div class=\"container\">\n        <div class=\"cols\">\n            <div class=\"col left\">\n                                    <span class=\"line\"><\/span>\n                                                    <h1><strong>Behaim<\/strong>\u00a0EarthApple Fund<\/h1>\n                                                    <div class=\"doublecol-hero__content wysiwyg-wrapper\"><p>Na\u0161e nadace vznikla proto, aby pomohla soci\u00e1ln\u011b znev\u00fdhodn\u011bn\u00fdm d\u011btem pozn\u00e1vat sv\u011bt a&nbsp;d\u00edky internetu z\u00edsk\u00e1vat nov\u00e9 poznatky. C\u00edlem je d\u00e1t do zv\u011bdav\u00fdch rukou d\u011bt\u00ed technologie, ke kter\u00fdm by se jinak nedostaly. Kdy\u017e Martin Behaim vynalezl globus, nazval ho \u201eZemsk\u00fdm jablkem\u201c aby zd\u016fraznil nov\u00fd pohled na sv\u011bt.Na\u0161e nadace vznikla proto, aby pomohla soci\u00e1ln\u011b znev\u00fdhodn\u011bn\u00fdm d\u011btem pozn\u00e1vat sv\u011bt a&nbsp;d\u00edky internetu z\u00edsk\u00e1vat nov\u00e9 poznatky. C\u00edlem je d\u00e1t do zv\u011bdav\u00fdch rukou d\u011bt\u00ed technologie, ke kter\u00fdm by se jinak nedostaly. Kdy\u017e Martin Behaim vynalezl globus, nazval ho \u201eZemsk\u00fdm jablkem\u201c aby zd\u016fraznil nov\u00fd pohled na sv\u011bt.<\/p>\n<p>Nov\u00e9 pohledy p\u0159in\u00e1\u0161\u00ed i&nbsp;na\u0161e doba, a&nbsp;c\u00edlem EarthApple fund je d\u00e1t mal\u00fdm objevitel\u016fm mo\u017enost p\u0159i&nbsp;v\u00fduce pou\u017e\u00edvat po\u010d\u00edta\u010de a&nbsp;tablety a&nbsp;t\u00edm i&nbsp;co nejv\u00edce p\u0159\u00edle\u017eitost\u00ed zkoumat bl\u00edzk\u00fd i\u00a0dalek\u00fd sv\u011bt a\u00a0z\u00edskat nov\u00e9 znalosti.<\/p>\n<\/div>\n                                <div class=\"button-group-wrap\">\n\t\t\t\t<a href=\"https:\/\/behaimeaf.com\/cs\/\"\n\t\ttarget=\"_blank\"\t\ttitle=\"Nav\u0161tivte web Behaim EarthApple Fund\"\n\t\tclass=\"btn btn--external-svg\"\n\t>Nav\u0161tivte web Behaim EarthApple Fund<svg xmlns=\"http:\/\/www.w3.org\/2000\/svg\" xmlns:xlink=\"http:\/\/www.w3.org\/1999\/xlink\" width=\"14.001\" height=\"13.16\" viewBox=\"0 0 14.001 13.16\"><defs><clipPath><rect data-name=\"Rectangle 3314\" width=\"14.001\" height=\"13.16\" transform=\"translate(0 0)\" fill=\"none\" stroke=\"currentcolor\" stroke-width=\"1\"\/><\/clipPath><\/defs><g data-name=\"Group 5382\" transform=\"translate(0 0)\"><g data-name=\"Group 5382\" clip-path=\"url(#clip-path)\"><path data-name=\"Path 11541\" d=\"M9.25,10.16v2.25H.75V3.91H4\" fill=\"none\" stroke=\"currentcolor\" stroke-linecap=\"round\" stroke-linejoin=\"round\" stroke-width=\"1.5\"\/><g><path data-name=\"Path 11542\" d=\"M13.251,5.244V.751H8.757\" fill=\"none\" stroke=\"currentcolor\" stroke-linecap=\"round\" stroke-linejoin=\"round\" stroke-width=\"1.5\"\/><line data-name=\"Line 155\" y1=\"6\" x2=\"6\" transform=\"translate(7 1.069)\" fill=\"none\" stroke=\"currentcolor\" stroke-linecap=\"round\" stroke-width=\"1.5\"\/><\/g><\/g><\/g><\/svg>\n<\/a>\n\t\t<\/div>            <\/div>\n            <div class=\"col right\">\n                                    <img loading=\"lazy\" decoding=\"async\" width=\"297\" height=\"297\" src=\"https:\/\/behaimits.com\/wp-content\/uploads\/2023\/12\/behaim-earthapple-fund-pro-web.png\" class=\"attachment-medium_large size-medium_large\" alt=\"\" srcset=\"https:\/\/behaimits.com\/wp-content\/uploads\/2023\/12\/behaim-earthapple-fund-pro-web.png 297w, https:\/\/behaimits.com\/wp-content\/uploads\/2023\/12\/behaim-earthapple-fund-pro-web-150x150.png 150w\" sizes=\"auto, (max-width: 297px) 100vw, 297px\" \/>                            <\/div>\n        <\/div>\n    <\/div>\n    <\/section>\n\n","protected":false},"excerpt":{"rendered":"","protected":false},"author":23,"featured_media":0,"parent":2095,"menu_order":74,"comment_status":"closed","ping_status":"closed","template":"","meta":{"_acf_changed":false,"footnotes":""},"class_list":["post-2341","page","type-page","status-publish","hentry"],"acf":[],"yoast_head":"<!-- This site is optimized with the Yoast SEO plugin v26.9 - https:\/\/yoast.com\/product\/yoast-seo-wordpress\/ -->\n<title>EarthApple Fund - Behaim IT Solutions<\/title>\n<meta name=\"robots\" content=\"index, follow, max-snippet:-1, max-image-preview:large, max-video-preview:-1\" \/>\n<link rel=\"canonical\" href=\"https:\/\/behaimits.com\/about-us\/earth-apple-fund\/\" \/>\n<meta property=\"og:locale\" content=\"cs_CZ\" \/>\n<meta property=\"og:type\" content=\"article\" \/>\n<meta property=\"og:title\" content=\"EarthApple Fund - Behaim IT Solutions\" \/>\n<meta property=\"og:url\" content=\"https:\/\/behaimits.com\/about-us\/earth-apple-fund\/\" \/>\n<meta property=\"og:site_name\" content=\"Behaim IT Solutions\" \/>\n<meta property=\"article:modified_time\" content=\"2023-12-11T21:17:19+00:00\" \/>\n<meta name=\"twitter:card\" content=\"summary_large_image\" \/>\n<script type=\"application\/ld+json\" class=\"yoast-schema-graph\">{\"@context\":\"https:\/\/schema.org\",\"@graph\":[{\"@type\":\"WebPage\",\"@id\":\"https:\/\/behaimits.com\/about-us\/earth-apple-fund\/\",\"url\":\"https:\/\/behaimits.com\/about-us\/earth-apple-fund\/\",\"name\":\"EarthApple Fund - Behaim IT Solutions\",\"isPartOf\":{\"@id\":\"https:\/\/behaimits.com\/#website\"},\"datePublished\":\"2023-10-17T15:31:22+00:00\",\"dateModified\":\"2023-12-11T21:17:19+00:00\",\"breadcrumb\":{\"@id\":\"https:\/\/behaimits.com\/about-us\/earth-apple-fund\/#breadcrumb\"},\"inLanguage\":\"cs\",\"potentialAction\":[{\"@type\":\"ReadAction\",\"target\":[\"https:\/\/behaimits.com\/about-us\/earth-apple-fund\/\"]}]},{\"@type\":\"BreadcrumbList\",\"@id\":\"https:\/\/behaimits.com\/about-us\/earth-apple-fund\/#breadcrumb\",\"itemListElement\":[{\"@type\":\"ListItem\",\"position\":1,\"name\":\"Dom\u016f\",\"item\":\"https:\/\/behaimits.com\/cs\/\"},{\"@type\":\"ListItem\",\"position\":2,\"name\":\"O n\u00e1s\",\"item\":\"https:\/\/behaimits.com\/about-us\/\"},{\"@type\":\"ListItem\",\"position\":3,\"name\":\"EarthApple Fund\"}]},{\"@type\":\"WebSite\",\"@id\":\"https:\/\/behaimits.com\/#website\",\"url\":\"https:\/\/behaimits.com\/\",\"name\":\"Behaim IT Solutions\",\"description\":\"Dedication to Customers and IT Excellence\",\"potentialAction\":[{\"@type\":\"SearchAction\",\"target\":{\"@type\":\"EntryPoint\",\"urlTemplate\":\"https:\/\/behaimits.com\/?s={search_term_string}\"},\"query-input\":{\"@type\":\"PropertyValueSpecification\",\"valueRequired\":true,\"valueName\":\"search_term_string\"}}],\"inLanguage\":\"cs\"}]}<\/script>\n<!-- \/ Yoast SEO plugin. -->","yoast_head_json":{"title":"EarthApple Fund - Behaim IT Solutions","robots":{"index":"index","follow":"follow","max-snippet":"max-snippet:-1","max-image-preview":"max-image-preview:large","max-video-preview":"max-video-preview:-1"},"canonical":"https:\/\/behaimits.com\/about-us\/earth-apple-fund\/","og_locale":"cs_CZ","og_type":"article","og_title":"EarthApple Fund - Behaim IT Solutions","og_url":"https:\/\/behaimits.com\/about-us\/earth-apple-fund\/","og_site_name":"Behaim IT Solutions","article_modified_time":"2023-12-11T21:17:19+00:00","twitter_card":"summary_large_image","schema":{"@context":"https:\/\/schema.org","@graph":[{"@type":"WebPage","@id":"https:\/\/behaimits.com\/about-us\/earth-apple-fund\/","url":"https:\/\/behaimits.com\/about-us\/earth-apple-fund\/","name":"EarthApple Fund - Behaim IT Solutions","isPartOf":{"@id":"https:\/\/behaimits.com\/#website"},"datePublished":"2023-10-17T15:31:22+00:00","dateModified":"2023-12-11T21:17:19+00:00","breadcrumb":{"@id":"https:\/\/behaimits.com\/about-us\/earth-apple-fund\/#breadcrumb"},"inLanguage":"cs","potentialAction":[{"@type":"ReadAction","target":["https:\/\/behaimits.com\/about-us\/earth-apple-fund\/"]}]},{"@type":"BreadcrumbList","@id":"https:\/\/behaimits.com\/about-us\/earth-apple-fund\/#breadcrumb","itemListElement":[{"@type":"ListItem","position":1,"name":"Dom\u016f","item":"https:\/\/behaimits.com\/cs\/"},{"@type":"ListItem","position":2,"name":"O n\u00e1s","item":"https:\/\/behaimits.com\/about-us\/"},{"@type":"ListItem","position":3,"name":"EarthApple Fund"}]},{"@type":"WebSite","@id":"https:\/\/behaimits.com\/#website","url":"https:\/\/behaimits.com\/","name":"Behaim IT Solutions","description":"Dedication to Customers and IT Excellence","potentialAction":[{"@type":"SearchAction","target":{"@type":"EntryPoint","urlTemplate":"https:\/\/behaimits.com\/?s={search_term_string}"},"query-input":{"@type":"PropertyValueSpecification","valueRequired":true,"valueName":"search_term_string"}}],"inLanguage":"cs"}]}},"_links":{"self":[{"href":"https:\/\/behaimits.com\/cs\/wp-json\/wp\/v2\/pages\/2341","targetHints":{"allow":["GET"]}}],"collection":[{"href":"https:\/\/behaimits.com\/cs\/wp-json\/wp\/v2\/pages"}],"about":[{"href":"https:\/\/behaimits.com\/cs\/wp-json\/wp\/v2\/types\/page"}],"author":[{"embeddable":true,"href":"https:\/\/behaimits.com\/cs\/wp-json\/wp\/v2\/users\/23"}],"replies":[{"embeddable":true,"href":"https:\/\/behaimits.com\/cs\/wp-json\/wp\/v2\/comments?post=2341"}],"version-history":[{"count":2,"href":"https:\/\/behaimits.com\/cs\/wp-json\/wp\/v2\/pages\/2341\/revisions"}],"predecessor-version":[{"id":2344,"href":"https:\/\/behaimits.com\/cs\/wp-json\/wp\/v2\/pages\/2341\/revisions\/2344"}],"up":[{"embeddable":true,"href":"https:\/\/behaimits.com\/cs\/wp-json\/wp\/v2\/pages\/2095"}],"wp:attachment":[{"href":"https:\/\/behaimits.com\/cs\/wp-json\/wp\/v2\/media?parent=2341"}],"curies":[{"name":"wp","href":"https:\/\/api.w.org\/{rel}","templated":true}]}}