{"id":2095,"date":"2023-09-25T18:26:26","date_gmt":"2023-09-25T16:26:26","guid":{"rendered":"http:\/\/377715.w15.wedos.ws\/domains\/behaimits.com\/about-us\/"},"modified":"2023-12-11T12:10:01","modified_gmt":"2023-12-11T11:10:01","slug":"about-us","status":"publish","type":"page","link":"https:\/\/behaimits.com\/cs\/about-us\/","title":{"rendered":"O n\u00e1s"},"content":{"rendered":"<section id=\"centered-hero-block_c0a28e8aa1db4bdeacfdeb8147f480dd\" data-id=\"centered-hero-block_c0a28e8aa1db4bdeacfdeb8147f480dd\" class=\"gt-block centered-hero bg-dark\">\n    <div class=\"container container--thin ta-c\">\n                    <span class=\"line\"><\/span>\n                            <h1>O n\u00e1s<\/h1>\n            <\/div>\n<\/section>\n\n\n\n<section id=\"uneven-doublecol-title-text-block_6692a2c284f5427b6ffb5a6c3241184e\" data-id=\"uneven-doublecol-title-text-block_6692a2c284f5427b6ffb5a6c3241184e\" class=\"gt-block uneven-doublecol-title-text\">\n    <div class=\"container\">\n        <div class=\"cols-uneven\">\n            <div class=\"col short\">\n                                    <span class=\"line\"><\/span>\n                                                    <h2>Kr\u00e1tce o&nbsp;<strong>Behaim ITS<\/strong><\/h2>\n                            <\/div>\n            <div class=\"col wide\">\n                                    <span class=\"line line--invisible\"><\/span>\n                                                    <div class=\"uneven-doublecol-title-text__content wysiwyg-wrapper\"><h3><strong>Kdo jsme<\/strong><\/h3>\n<p>Behaim ITS je t\u00fdm profesion\u00e1l\u016f s&nbsp;v\u00edce ne\u017e 20 lety zku\u0161enost\u00ed v&nbsp;oblasti IT poradenstv\u00ed, integrace, technologi\u00ed a&nbsp;v\u00fdvoje ve Spojen\u00fdch st\u00e1tech a&nbsp;na evropsk\u00fdch trz\u00edch. Na\u0161i seniorn\u00ed konzultanti maj\u00ed v&nbsp;pr\u016fm\u011bru 11 let zku\u0161enost\u00ed s&nbsp;IT poradenstv\u00edm a&nbsp;v\u00fdvojem s&nbsp;hlubok\u00fdmi znalostmi oboru.<\/p>\n<p>D\u016fv\u011brn\u011b a&nbsp;do hloubky zn\u00e1me prost\u0159ed\u00ed cel\u00fdch pr\u016fmyslov\u00fdch odv\u011btv\u00ed: telekomunikace, energetika\/utility, pr\u016fmysl a&nbsp;v\u00fdroba, zdravotnictv\u00ed.<\/p>\n<p>Na\u0161e reference zahrnuj\u00ed integrace v&nbsp;oblasti automatizace a&nbsp;optimalizace v\u00fdrobn\u00edch proces\u016f, stejn\u011b jako integrace ve sv\u011bt\u011b IoT a&nbsp;BigData. Jsme dr\u017eiteli jedine\u010dn\u00e9ho know-how cloudov\u00fdch, streamingov\u00fdch a&nbsp;AI technologi\u00ed.<\/p>\n<p>Soust\u0159ed\u00edme se na budov\u00e1n\u00ed d\u016fv\u011bryhodn\u00fdch a&nbsp;dlouhodob\u00fdch vztah\u016f. Za z\u00e1klad na\u0161eho p\u0159\u00edstupu jsme zvolili strategii, kdy dod\u00e1v\u00e1me takov\u00e1 \u0159e\u0161en\u00ed, kter\u00e1 napln\u00ed a&nbsp;p\u0159ekonaj\u00ed o\u010dek\u00e1v\u00e1n\u00ed na\u0161ich z\u00e1kazn\u00edk\u016f. V\u00fdsledkem jsou osobn\u00ed vztahy a&nbsp;spolupr\u00e1ce, kter\u00e9 trvaj\u00ed \u0159adu let.<\/p>\n<h3><strong>Co d\u011bl\u00e1me<\/strong><\/h3>\n<p>Sledujeme a&nbsp;implementujeme IT technologie. V\u00a0na\u0161ich s\u00eddlech v\u00a0Evrop\u011b (Olomouc) a&nbsp;USA (Chicago) vyu\u017e\u00edv\u00e1me nejnov\u011bj\u0161\u00ed trendy obou sv\u011bt\u016f ve prosp\u011bch na\u0161ich z\u00e1kazn\u00edk\u016f tak, aby jejich procesy a&nbsp;slu\u017eby byly je\u0161t\u011b lep\u0161\u00ed a&nbsp;efektivn\u011bj\u0161\u00ed.<\/p>\n<p>Specializujeme se na integraci cloudov\u00fdch, streamingov\u00fdch a&nbsp;BigData technologi\u00ed na platform\u00e1ch AWS, AZURE a&nbsp;dal\u0161\u00edch. Jsme dlouholet\u00fdmi partnery spole\u010dnost\u00ed TIBCO, Apache Kafka a&nbsp;MakeDoc \u0159e\u0161en\u00ed. Pracujeme pouze s\u00a0t\u011bmi technologiemi, kter\u00e9 velmi dob\u0159e zn\u00e1me a&nbsp;jejich\u017e p\u0159\u00ednos jsme prov\u011b\u0159ili v\u00a0re\u00e1ln\u00e9m nasazen\u00ed.<\/p>\n<p>Na\u0161\u00edm denn\u00edm chlebem jsou Data Storage, datov\u00e1 anal\u00fdza, integrace, Internet of Things (IOT), API Management, In-memory a&nbsp;Complex Event Processing, Business Process Management, Master Data Management nebo vizualizace dat.<\/p>\n<p>Do sv\u00e9ho portfolia jsme za\u0159adili um\u011blou inteligenci (Artificial Intelligence), kter\u00e1 posouv\u00e1 efektivitu slu\u017eeb na novou \u00farove\u0148 a&nbsp;to p\u0159edev\u0161\u00edm v&nbsp;oblasti anal\u00fdzy, nastaven\u00ed nov\u00fdch trend\u016f, rychlosti zpracov\u00e1n\u00ed dat, vyhled\u00e1v\u00e1n\u00ed a&nbsp;archivace.<br \/>\nVyv\u00edj\u00edme nov\u00e9 adapt\u00e9ry a&nbsp;specifick\u00e1 \u0159e\u0161en\u00ed, prov\u00e1d\u00edme efektivn\u00ed zak\u00e1zkov\u00fd v\u00fdvoj.<\/p>\n<h3><b>Co n\u00e1s odli\u0161uje<\/b><\/h3>\n<p>Vysoce sofistikovan\u00e9 a&nbsp;specializovan\u00e9 technologick\u00e9 know-how v&nbsp;kombinaci s&nbsp;osobn\u00ed kulturou p\u0159\u00edstupu k&nbsp;na\u0161im z\u00e1kazn\u00edk\u016fm. Jsme schopni na\u0161e z\u00e1kazn\u00edky obsluhovat on-site v&nbsp;USA i&nbsp;Evrop\u011b a&nbsp;z\u00e1rove\u0148 jsme velmi efektivn\u00ed p\u0159i&nbsp;tvorb\u011b projekt\u016f a&nbsp;z\u00a0pohledu provozn\u00edch n\u00e1klad\u016f.<\/p>\n<p>Na\u0161\u00ed filozofi\u00ed je vyu\u017e\u00edvat kvalitu na \u00fakor kvantity. Integrujeme pouze technologie, kter\u00e9 perfektn\u011b zn\u00e1me a&nbsp;m\u00e1me v&nbsp;nich mnohalet\u00e9 zku\u0161enosti.<\/p>\n<\/div>\n                            <\/div>\n        <\/div>\n    <\/div>\n<\/section>\n\n\n\n<section id=\"centered-big-text-block-block_407460ae7362a05479f7bf9f13583b92\" data-id=\"centered-big-text-block-block_407460ae7362a05479f7bf9f13583b92\" class=\"gt-block centered-big-text-block bg-dark ta-c\">\n    <div class=\"container container--thin\">\n                    <span class=\"subheader\">Na\u0161e vize<\/span>\n                            <strong class=\"centered-big-text-block__strong h3\">B\u00fdt <strong>\u0161pi\u010dkov\u00fdm<\/strong> a&nbsp;<strong>d\u016fv\u011bryhodn\u00fdm<\/strong> <strong>poskytovatelem<\/strong> slu\u017eeb, kter\u00fd je v\u011brn\u00fd z\u00e1jm\u016fm z\u00e1kazn\u00edka a&nbsp;<strong>IT Excellence.<\/strong><\/strong>\n                        <div class=\"button-group-wrap\">\n\t\t\t\t<a href=\"https:\/\/behaimits.com\/contact-us\/\"\n\t\t\t\ttitle=\"Kontaktujte nas\"\n\t\tclass=\"btn\"\n\t>Kontaktujte nas<\/a>\n\t\t<\/div>    <\/div>\n<\/section>\n\n\n\n<section id=\"uneven-doublecol-title-text-block_e5dac382770077c50225da0b77ba4676\" data-id=\"uneven-doublecol-title-text-block_e5dac382770077c50225da0b77ba4676\" class=\"gt-block uneven-doublecol-title-text\">\n    <div class=\"container\">\n        <div class=\"cols-uneven\">\n            <div class=\"col short\">\n                                    <span class=\"line\"><\/span>\n                                                    <h2>Co znamen\u00e1 <strong>Behaim<\/strong>?<\/h2>\n                            <\/div>\n            <div class=\"col wide\">\n                                    <span class=\"line line--invisible\"><\/span>\n                                                    <div class=\"uneven-doublecol-title-text__content wysiwyg-wrapper\"><p>Martin Behaim byl v\u00fdzna\u010dn\u00fd objevitel a&nbsp;zem\u011bpisec n\u011bmeck\u00e9ho p\u016fvodu. Vytvo\u0159il prvn\u00ed gl\u00f3bus, kter\u00fd nazval Erdapfel \u2013 zemsk\u00e9 jablko (<a href=\"https:\/\/cs.wikipedia.org\/wiki\/Martin_Behaim\">wikipedia<\/a>). Zakladatel Behaim IT Solutions, p\u0159edt\u00edm, ne\u017e za\u010dal \u017e\u00edt v&nbsp;USA, vystudoval Univerzitu Martina Behaima, kde se specializoval na v\u011bdu a&nbsp;matematiku.<\/p>\n<\/div>\n                            <\/div>\n        <\/div>\n    <\/div>\n<\/section>\n\n","protected":false},"excerpt":{"rendered":"","protected":false},"author":23,"featured_media":0,"parent":0,"menu_order":69,"comment_status":"closed","ping_status":"closed","template":"","meta":{"_acf_changed":false,"footnotes":""},"class_list":["post-2095","page","type-page","status-publish","hentry"],"acf":[],"yoast_head":"<!-- This site is optimized with the Yoast SEO plugin v26.9 - https:\/\/yoast.com\/product\/yoast-seo-wordpress\/ -->\n<title>O n\u00e1s - Behaim IT Solutions<\/title>\n<meta name=\"robots\" content=\"index, follow, max-snippet:-1, max-image-preview:large, max-video-preview:-1\" \/>\n<link rel=\"canonical\" href=\"https:\/\/behaimits.com\/about-us\/\" \/>\n<meta property=\"og:locale\" content=\"cs_CZ\" \/>\n<meta property=\"og:type\" content=\"article\" \/>\n<meta property=\"og:title\" content=\"O n\u00e1s - Behaim IT Solutions\" \/>\n<meta property=\"og:url\" content=\"https:\/\/behaimits.com\/about-us\/\" \/>\n<meta property=\"og:site_name\" content=\"Behaim IT Solutions\" \/>\n<meta property=\"article:modified_time\" content=\"2023-12-11T11:10:01+00:00\" \/>\n<meta name=\"twitter:card\" content=\"summary_large_image\" \/>\n<script type=\"application\/ld+json\" class=\"yoast-schema-graph\">{\"@context\":\"https:\/\/schema.org\",\"@graph\":[{\"@type\":\"WebPage\",\"@id\":\"https:\/\/behaimits.com\/about-us\/\",\"url\":\"https:\/\/behaimits.com\/about-us\/\",\"name\":\"O n\u00e1s - Behaim IT Solutions\",\"isPartOf\":{\"@id\":\"https:\/\/behaimits.com\/#website\"},\"datePublished\":\"2023-09-25T16:26:26+00:00\",\"dateModified\":\"2023-12-11T11:10:01+00:00\",\"breadcrumb\":{\"@id\":\"https:\/\/behaimits.com\/about-us\/#breadcrumb\"},\"inLanguage\":\"cs\",\"potentialAction\":[{\"@type\":\"ReadAction\",\"target\":[\"https:\/\/behaimits.com\/about-us\/\"]}]},{\"@type\":\"BreadcrumbList\",\"@id\":\"https:\/\/behaimits.com\/about-us\/#breadcrumb\",\"itemListElement\":[{\"@type\":\"ListItem\",\"position\":1,\"name\":\"Dom\u016f\",\"item\":\"https:\/\/behaimits.com\/cs\/\"},{\"@type\":\"ListItem\",\"position\":2,\"name\":\"O n\u00e1s\"}]},{\"@type\":\"WebSite\",\"@id\":\"https:\/\/behaimits.com\/#website\",\"url\":\"https:\/\/behaimits.com\/\",\"name\":\"Behaim IT Solutions\",\"description\":\"Dedication to Customers and IT Excellence\",\"potentialAction\":[{\"@type\":\"SearchAction\",\"target\":{\"@type\":\"EntryPoint\",\"urlTemplate\":\"https:\/\/behaimits.com\/?s={search_term_string}\"},\"query-input\":{\"@type\":\"PropertyValueSpecification\",\"valueRequired\":true,\"valueName\":\"search_term_string\"}}],\"inLanguage\":\"cs\"}]}<\/script>\n<!-- \/ Yoast SEO plugin. -->","yoast_head_json":{"title":"O n\u00e1s - Behaim IT Solutions","robots":{"index":"index","follow":"follow","max-snippet":"max-snippet:-1","max-image-preview":"max-image-preview:large","max-video-preview":"max-video-preview:-1"},"canonical":"https:\/\/behaimits.com\/about-us\/","og_locale":"cs_CZ","og_type":"article","og_title":"O n\u00e1s - Behaim IT Solutions","og_url":"https:\/\/behaimits.com\/about-us\/","og_site_name":"Behaim IT Solutions","article_modified_time":"2023-12-11T11:10:01+00:00","twitter_card":"summary_large_image","schema":{"@context":"https:\/\/schema.org","@graph":[{"@type":"WebPage","@id":"https:\/\/behaimits.com\/about-us\/","url":"https:\/\/behaimits.com\/about-us\/","name":"O n\u00e1s - Behaim IT Solutions","isPartOf":{"@id":"https:\/\/behaimits.com\/#website"},"datePublished":"2023-09-25T16:26:26+00:00","dateModified":"2023-12-11T11:10:01+00:00","breadcrumb":{"@id":"https:\/\/behaimits.com\/about-us\/#breadcrumb"},"inLanguage":"cs","potentialAction":[{"@type":"ReadAction","target":["https:\/\/behaimits.com\/about-us\/"]}]},{"@type":"BreadcrumbList","@id":"https:\/\/behaimits.com\/about-us\/#breadcrumb","itemListElement":[{"@type":"ListItem","position":1,"name":"Dom\u016f","item":"https:\/\/behaimits.com\/cs\/"},{"@type":"ListItem","position":2,"name":"O n\u00e1s"}]},{"@type":"WebSite","@id":"https:\/\/behaimits.com\/#website","url":"https:\/\/behaimits.com\/","name":"Behaim IT Solutions","description":"Dedication to Customers and IT Excellence","potentialAction":[{"@type":"SearchAction","target":{"@type":"EntryPoint","urlTemplate":"https:\/\/behaimits.com\/?s={search_term_string}"},"query-input":{"@type":"PropertyValueSpecification","valueRequired":true,"valueName":"search_term_string"}}],"inLanguage":"cs"}]}},"_links":{"self":[{"href":"https:\/\/behaimits.com\/cs\/wp-json\/wp\/v2\/pages\/2095","targetHints":{"allow":["GET"]}}],"collection":[{"href":"https:\/\/behaimits.com\/cs\/wp-json\/wp\/v2\/pages"}],"about":[{"href":"https:\/\/behaimits.com\/cs\/wp-json\/wp\/v2\/types\/page"}],"author":[{"embeddable":true,"href":"https:\/\/behaimits.com\/cs\/wp-json\/wp\/v2\/users\/23"}],"replies":[{"embeddable":true,"href":"https:\/\/behaimits.com\/cs\/wp-json\/wp\/v2\/comments?post=2095"}],"version-history":[{"count":11,"href":"https:\/\/behaimits.com\/cs\/wp-json\/wp\/v2\/pages\/2095\/revisions"}],"predecessor-version":[{"id":2110,"href":"https:\/\/behaimits.com\/cs\/wp-json\/wp\/v2\/pages\/2095\/revisions\/2110"}],"wp:attachment":[{"href":"https:\/\/behaimits.com\/cs\/wp-json\/wp\/v2\/media?parent=2095"}],"curies":[{"name":"wp","href":"https:\/\/api.w.org\/{rel}","templated":true}]}}